{"id":1890,"date":"2025-05-21T23:26:40","date_gmt":"2025-05-21T21:26:40","guid":{"rendered":"https:\/\/www.juguetia.com\/?page_id=1890"},"modified":"2025-05-22T00:22:50","modified_gmt":"2025-05-21T22:22:50","slug":"terminos-y-condiciones","status":"publish","type":"page","link":"https:\/\/www.juguetia.com\/?page_id=1890","title":{"rendered":"T\u00e9rminos y condiciones"},"content":{"rendered":"\t\t<div data-elementor-type=\"wp-page\" data-elementor-id=\"1890\" class=\"elementor elementor-1890\">\n\t\t\t\t<div class=\"elementor-element elementor-element-2a27e72 e-flex e-con-boxed e-con e-parent\" data-id=\"2a27e72\" data-element_type=\"container\" data-e-type=\"container\">\n\t\t\t\t\t<div class=\"e-con-inner\">\n\t\t\t\t<div class=\"elementor-element elementor-element-f2028fa elementor-widget elementor-widget-heading\" data-id=\"f2028fa\" data-element_type=\"widget\" data-e-type=\"widget\" data-widget_type=\"heading.default\">\n\t\t\t\t<div class=\"elementor-widget-container\">\n\t\t\t\t\t<h2 class=\"elementor-heading-title elementor-size-default\">T\u00e9rminos y condiciones<\/h2>\t\t\t\t<\/div>\n\t\t\t\t<\/div>\n\t\t\t\t<div class=\"elementor-element elementor-element-74dcc35 elementor-widget elementor-widget-text-editor\" data-id=\"74dcc35\" data-element_type=\"widget\" data-e-type=\"widget\" data-widget_type=\"text-editor.default\">\n\t\t\t\t<div class=\"elementor-widget-container\">\n\t\t\t\t\t\t\t\t\t<p data-start=\"37\" data-end=\"315\"><strong data-start=\"37\" data-end=\"50\">1. Objeto<\/strong><br data-start=\"50\" data-end=\"53\" \/>Estas condiciones regulan el acceso y uso del sitio web <a class=\"\" href=\"https:\/\/tudominio.com\" target=\"_new\" rel=\"noopener\" data-start=\"109\" data-end=\"130\">www.juguetia.com<\/a> (en adelante, el \u201cSitio\u201d), cuya titularidad corresponde a Silvia Mu\u00f1oz Vidal (NIF 43554675N). El Sitio ofrece recomendaciones de juguetes y enlaces de afiliaci\u00f3n con Amazon Associates.<\/p><p data-start=\"317\" data-end=\"531\"><strong data-start=\"317\" data-end=\"334\">2. Aceptaci\u00f3n<\/strong><br data-start=\"334\" data-end=\"337\" \/>El acceso y uso del Sitio implican la aceptaci\u00f3n plena y sin reservas de estos T\u00e9rminos y Condiciones por parte del usuario. Si no est\u00e1 de acuerdo con alguno de ellos, no debe utilizar el Sitio.<\/p><p data-start=\"533\" data-end=\"557\"><strong data-start=\"533\" data-end=\"555\">3. Acceso al Sitio<\/strong><\/p><ul data-start=\"558\" data-end=\"749\"><li data-start=\"558\" data-end=\"593\"><p data-start=\"560\" data-end=\"593\">El Sitio es de acceso gratuito.<\/p><\/li><li data-start=\"594\" data-end=\"749\"><p data-start=\"596\" data-end=\"749\">Silvia Mu\u00f1oz Vidal se reserva la facultad de modificar, suspender o cancelar cualquier contenido o funcionalidad en cualquier momento y sin aviso previo.<\/p><\/li><\/ul><p data-start=\"751\" data-end=\"780\"><strong data-start=\"751\" data-end=\"778\">4. Conducta del Usuario<\/strong><\/p><ul data-start=\"781\" data-end=\"1097\"><li data-start=\"781\" data-end=\"864\"><p data-start=\"783\" data-end=\"864\">Queda prohibido emplear el Sitio con fines il\u00edcitos o contrarios a la buena fe.<\/p><\/li><li data-start=\"865\" data-end=\"997\"><p data-start=\"867\" data-end=\"997\">El usuario se compromete a no introducir virus, malware o cualquier elemento que pueda da\u00f1ar, inutilizar o sobrecargar el Sitio.<\/p><\/li><li data-start=\"998\" data-end=\"1097\"><p data-start=\"1000\" data-end=\"1097\">No se permite enlazar directamente a contenido no autorizado o con derechos de autor sin permiso.<\/p><\/li><\/ul><p data-start=\"1099\" data-end=\"1129\"><strong data-start=\"1099\" data-end=\"1127\">5. Propiedad Intelectual<\/strong><\/p><ul data-start=\"1130\" data-end=\"1460\"><li data-start=\"1130\" data-end=\"1310\"><p data-start=\"1132\" data-end=\"1310\">Todos los contenidos (textos, im\u00e1genes, c\u00f3digo, dise\u00f1os) son propiedad de Silvia Mu\u00f1oz Vidal o de sus licenciantes y est\u00e1n protegidos por la normativa de propiedad intelectual.<\/p><\/li><li data-start=\"1311\" data-end=\"1460\"><p data-start=\"1313\" data-end=\"1460\">Se autoriza la visualizaci\u00f3n y uso privado; cualquier reproducci\u00f3n, distribuci\u00f3n o transformaci\u00f3n debe contar con autorizaci\u00f3n expresa del titular.<\/p><\/li><\/ul><p data-start=\"1462\" data-end=\"1492\"><strong data-start=\"1462\" data-end=\"1490\">6. Enlaces de Afiliaci\u00f3n<\/strong><\/p><ul data-start=\"1493\" data-end=\"1792\"><li data-start=\"1493\" data-end=\"1657\"><p data-start=\"1495\" data-end=\"1657\">El Sitio incluye enlaces de afiliado a Amazon Associates. Al hacer clic, el usuario accede a Amazon y las posibles compras generan una comisi\u00f3n para la titular.<\/p><\/li><li data-start=\"1658\" data-end=\"1792\"><p data-start=\"1660\" data-end=\"1792\">La titular no garantiza precios, disponibilidad o calidad de los productos; estas condiciones est\u00e1n sujetas a la pol\u00edtica de Amazon.<\/p><\/li><\/ul><p data-start=\"1794\" data-end=\"1830\"><strong data-start=\"1794\" data-end=\"1828\">7. Exenci\u00f3n de Responsabilidad<\/strong><\/p><ul data-start=\"1831\" data-end=\"2093\"><li data-start=\"1831\" data-end=\"2014\"><p data-start=\"1833\" data-end=\"2014\">Silvia Mu\u00f1oz Vidal no se hace responsable de da\u00f1os o perjuicios derivados del uso de enlaces externos, ni de la veracidad o exactitud de la informaci\u00f3n proporcionada por terceros.<\/p><\/li><li data-start=\"2015\" data-end=\"2093\"><p data-start=\"2017\" data-end=\"2093\">El uso de la informaci\u00f3n del Sitio es responsabilidad exclusiva del usuario.<\/p><\/li><\/ul><p data-start=\"2095\" data-end=\"2124\"><strong data-start=\"2095\" data-end=\"2122\">8. Privacidad y Cookies<\/strong><\/p><ul data-start=\"2125\" data-end=\"2376\"><li data-start=\"2125\" data-end=\"2376\"><p data-start=\"2127\" data-end=\"2243\">El tratamiento de datos personales se rige por la Pol\u00edtica de Privacidad y la Pol\u00edtica de Cookies, disponibles en:<\/p><ul data-start=\"2246\" data-end=\"2376\"><li data-start=\"2246\" data-end=\"2283\"><p data-start=\"2248\" data-end=\"2283\"><a class=\"cursor-pointer\" target=\"_new\" rel=\"noopener\" data-start=\"2248\" data-end=\"2281\">https:\/\/tudominio.com\/aviso-legal<\/a><\/p><\/li><li data-start=\"2286\" data-end=\"2331\"><p data-start=\"2288\" data-end=\"2331\"><a class=\"cursor-pointer\" target=\"_new\" rel=\"noopener\" data-start=\"2288\" data-end=\"2329\">https:\/\/tudominio.com\/politica-privacidad<\/a><\/p><\/li><li data-start=\"2334\" data-end=\"2376\"><p data-start=\"2336\" data-end=\"2376\"><a class=\"cursor-pointer\" target=\"_new\" rel=\"noopener\" data-start=\"2336\" data-end=\"2374\">https:\/\/tudominio.com\/politica-cookies<\/a><\/p><\/li><\/ul><\/li><\/ul><p data-start=\"2378\" data-end=\"2412\"><strong data-start=\"2378\" data-end=\"2410\">9. Vigencia y Modificaciones<\/strong><\/p><ul data-start=\"2413\" data-end=\"2590\"><li data-start=\"2413\" data-end=\"2590\"><p data-start=\"2415\" data-end=\"2590\">Estos T\u00e9rminos y Condiciones entran en vigor en la fecha de publicaci\u00f3n y se mantendr\u00e1n vigentes hasta su modificaci\u00f3n o actualizaci\u00f3n, que se publicar\u00e1 en esta misma secci\u00f3n.<\/p><\/li><\/ul><p data-start=\"2592\" data-end=\"2630\"><strong data-start=\"2592\" data-end=\"2628\">10. Ley Aplicable y Jurisdicci\u00f3n<\/strong><\/p><ul data-start=\"2631\" data-end=\"2826\"><li data-start=\"2631\" data-end=\"2698\"><p data-start=\"2633\" data-end=\"2698\">Las presentes condiciones se rigen por la legislaci\u00f3n espa\u00f1ola.<\/p><\/li><li data-start=\"2699\" data-end=\"2826\"><p data-start=\"2701\" data-end=\"2826\">Para cualquier controversia, las partes se someten a los Juzgados y Tribunales de M\u00e1laga, renunciando a cualquier otro fuero.<\/p><\/li><\/ul>\t\t\t\t\t\t\t\t<\/div>\n\t\t\t\t<\/div>\n\t\t\t\t\t<\/div>\n\t\t\t\t<\/div>\n\t\t\t\t<\/div>\n\t\t","protected":false},"excerpt":{"rendered":"<p>T\u00e9rminos y condiciones 1. ObjetoEstas condiciones regulan el acceso y uso del sitio web www.juguetia.com (en adelante, el \u201cSitio\u201d), cuya [&hellip;]<\/p>\n","protected":false},"author":1,"featured_media":0,"parent":0,"menu_order":0,"comment_status":"closed","ping_status":"closed","template":"","meta":{"_acf_changed":false,"site-sidebar-layout":"no-sidebar","site-content-layout":"","ast-site-content-layout":"full-width-container","site-content-style":"default","site-sidebar-style":"default","ast-global-header-display":"","ast-banner-title-visibility":"","ast-main-header-display":"","ast-hfb-above-header-display":"","ast-hfb-below-header-display":"","ast-hfb-mobile-header-display":"","site-post-title":"disabled","ast-breadcrumbs-content":"","ast-featured-img":"disabled","footer-sml-layout":"","ast-disable-related-posts":"","theme-transparent-header-meta":"","adv-header-id-meta":"","stick-header-meta":"","header-above-stick-meta":"","header-main-stick-meta":"","header-below-stick-meta":"","astra-migrate-meta-layouts":"default","ast-page-background-enabled":"default","ast-page-background-meta":{"desktop":{"background-color":"var(--ast-global-color-5)","background-image":"","background-repeat":"repeat","background-position":"center center","background-size":"auto","background-attachment":"scroll","background-type":"","background-media":"","overlay-type":"","overlay-color":"","overlay-opacity":"","overlay-gradient":""},"tablet":{"background-color":"","background-image":"","background-repeat":"repeat","background-position":"center center","background-size":"auto","background-attachment":"scroll","background-type":"","background-media":"","overlay-type":"","overlay-color":"","overlay-opacity":"","overlay-gradient":""},"mobile":{"background-color":"","background-image":"","background-repeat":"repeat","background-position":"center center","background-size":"auto","background-attachment":"scroll","background-type":"","background-media":"","overlay-type":"","overlay-color":"","overlay-opacity":"","overlay-gradient":""}},"ast-content-background-meta":{"desktop":{"background-color":"var(--ast-global-color-4)","background-image":"","background-repeat":"repeat","background-position":"center center","background-size":"auto","background-attachment":"scroll","background-type":"","background-media":"","overlay-type":"","overlay-color":"","overlay-opacity":"","overlay-gradient":""},"tablet":{"background-color":"var(--ast-global-color-4)","background-image":"","background-repeat":"repeat","background-position":"center center","background-size":"auto","background-attachment":"scroll","background-type":"","background-media":"","overlay-type":"","overlay-color":"","overlay-opacity":"","overlay-gradient":""},"mobile":{"background-color":"var(--ast-global-color-4)","background-image":"","background-repeat":"repeat","background-position":"center center","background-size":"auto","background-attachment":"scroll","background-type":"","background-media":"","overlay-type":"","overlay-color":"","overlay-opacity":"","overlay-gradient":""}},"footnotes":""},"class_list":["post-1890","page","type-page","status-publish","hentry"],"acf":[],"yoast_head":"<!-- This site is optimized with the Yoast SEO plugin v27.4 - https:\/\/yoast.com\/product\/yoast-seo-wordpress\/ -->\n<title>T\u00e9rminos y condiciones -<\/title>\n<meta name=\"robots\" content=\"index, follow, max-snippet:-1, max-image-preview:large, max-video-preview:-1\" \/>\n<link rel=\"canonical\" href=\"https:\/\/www.juguetia.com\/?page_id=1890\" \/>\n<meta property=\"og:locale\" content=\"es_ES\" \/>\n<meta property=\"og:type\" content=\"article\" \/>\n<meta property=\"og:title\" content=\"T\u00e9rminos y condiciones -\" \/>\n<meta property=\"og:description\" content=\"T\u00e9rminos y condiciones 1. ObjetoEstas condiciones regulan el acceso y uso del sitio web www.juguetia.com (en adelante, el \u201cSitio\u201d), cuya [&hellip;]\" \/>\n<meta property=\"og:url\" content=\"https:\/\/www.juguetia.com\/?page_id=1890\" \/>\n<meta property=\"article:modified_time\" content=\"2025-05-21T22:22:50+00:00\" \/>\n<meta name=\"twitter:card\" content=\"summary_large_image\" \/>\n<meta name=\"twitter:label1\" content=\"Tiempo de lectura\" \/>\n\t<meta name=\"twitter:data1\" content=\"2 minutos\" \/>\n<script type=\"application\/ld+json\" class=\"yoast-schema-graph\">{\"@context\":\"https:\\\/\\\/schema.org\",\"@graph\":[{\"@type\":\"WebPage\",\"@id\":\"https:\\\/\\\/www.juguetia.com\\\/?page_id=1890\",\"url\":\"https:\\\/\\\/www.juguetia.com\\\/?page_id=1890\",\"name\":\"T\u00e9rminos y condiciones -\",\"isPartOf\":{\"@id\":\"https:\\\/\\\/www.juguetia.com\\\/#website\"},\"datePublished\":\"2025-05-21T21:26:40+00:00\",\"dateModified\":\"2025-05-21T22:22:50+00:00\",\"breadcrumb\":{\"@id\":\"https:\\\/\\\/www.juguetia.com\\\/?page_id=1890#breadcrumb\"},\"inLanguage\":\"es\",\"potentialAction\":[{\"@type\":\"ReadAction\",\"target\":[\"https:\\\/\\\/www.juguetia.com\\\/?page_id=1890\"]}]},{\"@type\":\"BreadcrumbList\",\"@id\":\"https:\\\/\\\/www.juguetia.com\\\/?page_id=1890#breadcrumb\",\"itemListElement\":[{\"@type\":\"ListItem\",\"position\":1,\"name\":\"Portada\",\"item\":\"https:\\\/\\\/www.juguetia.com\\\/\"},{\"@type\":\"ListItem\",\"position\":2,\"name\":\"T\u00e9rminos y condiciones\"}]},{\"@type\":\"WebSite\",\"@id\":\"https:\\\/\\\/www.juguetia.com\\\/#website\",\"url\":\"https:\\\/\\\/www.juguetia.com\\\/\",\"name\":\"juguetIA.com\",\"description\":\"Filtra GRATIS con IA entre +5.000 juguetes de Amazon\",\"publisher\":{\"@id\":\"https:\\\/\\\/www.juguetia.com\\\/#organization\"},\"potentialAction\":[{\"@type\":\"SearchAction\",\"target\":{\"@type\":\"EntryPoint\",\"urlTemplate\":\"https:\\\/\\\/www.juguetia.com\\\/?s={search_term_string}\"},\"query-input\":{\"@type\":\"PropertyValueSpecification\",\"valueRequired\":true,\"valueName\":\"search_term_string\"}}],\"inLanguage\":\"es\"},{\"@type\":\"Organization\",\"@id\":\"https:\\\/\\\/www.juguetia.com\\\/#organization\",\"name\":\"juguetia\",\"url\":\"https:\\\/\\\/www.juguetia.com\\\/\",\"logo\":{\"@type\":\"ImageObject\",\"inLanguage\":\"es\",\"@id\":\"https:\\\/\\\/www.juguetia.com\\\/#\\\/schema\\\/logo\\\/image\\\/\",\"url\":\"https:\\\/\\\/www.juguetia.com\\\/wp-content\\\/uploads\\\/2025\\\/04\\\/cropped-ChatGPT-Image-26-abr-2025-21_56_03-1.png\",\"contentUrl\":\"https:\\\/\\\/www.juguetia.com\\\/wp-content\\\/uploads\\\/2025\\\/04\\\/cropped-ChatGPT-Image-26-abr-2025-21_56_03-1.png\",\"width\":1023,\"height\":384,\"caption\":\"juguetia\"},\"image\":{\"@id\":\"https:\\\/\\\/www.juguetia.com\\\/#\\\/schema\\\/logo\\\/image\\\/\"}}]}<\/script>\n<!-- \/ Yoast SEO plugin. -->","yoast_head_json":{"title":"T\u00e9rminos y condiciones -","robots":{"index":"index","follow":"follow","max-snippet":"max-snippet:-1","max-image-preview":"max-image-preview:large","max-video-preview":"max-video-preview:-1"},"canonical":"https:\/\/www.juguetia.com\/?page_id=1890","og_locale":"es_ES","og_type":"article","og_title":"T\u00e9rminos y condiciones -","og_description":"T\u00e9rminos y condiciones 1. ObjetoEstas condiciones regulan el acceso y uso del sitio web www.juguetia.com (en adelante, el \u201cSitio\u201d), cuya [&hellip;]","og_url":"https:\/\/www.juguetia.com\/?page_id=1890","article_modified_time":"2025-05-21T22:22:50+00:00","twitter_card":"summary_large_image","twitter_misc":{"Tiempo de lectura":"2 minutos"},"schema":{"@context":"https:\/\/schema.org","@graph":[{"@type":"WebPage","@id":"https:\/\/www.juguetia.com\/?page_id=1890","url":"https:\/\/www.juguetia.com\/?page_id=1890","name":"T\u00e9rminos y condiciones -","isPartOf":{"@id":"https:\/\/www.juguetia.com\/#website"},"datePublished":"2025-05-21T21:26:40+00:00","dateModified":"2025-05-21T22:22:50+00:00","breadcrumb":{"@id":"https:\/\/www.juguetia.com\/?page_id=1890#breadcrumb"},"inLanguage":"es","potentialAction":[{"@type":"ReadAction","target":["https:\/\/www.juguetia.com\/?page_id=1890"]}]},{"@type":"BreadcrumbList","@id":"https:\/\/www.juguetia.com\/?page_id=1890#breadcrumb","itemListElement":[{"@type":"ListItem","position":1,"name":"Portada","item":"https:\/\/www.juguetia.com\/"},{"@type":"ListItem","position":2,"name":"T\u00e9rminos y condiciones"}]},{"@type":"WebSite","@id":"https:\/\/www.juguetia.com\/#website","url":"https:\/\/www.juguetia.com\/","name":"juguetIA.com","description":"Filtra GRATIS con IA entre +5.000 juguetes de Amazon","publisher":{"@id":"https:\/\/www.juguetia.com\/#organization"},"potentialAction":[{"@type":"SearchAction","target":{"@type":"EntryPoint","urlTemplate":"https:\/\/www.juguetia.com\/?s={search_term_string}"},"query-input":{"@type":"PropertyValueSpecification","valueRequired":true,"valueName":"search_term_string"}}],"inLanguage":"es"},{"@type":"Organization","@id":"https:\/\/www.juguetia.com\/#organization","name":"juguetia","url":"https:\/\/www.juguetia.com\/","logo":{"@type":"ImageObject","inLanguage":"es","@id":"https:\/\/www.juguetia.com\/#\/schema\/logo\/image\/","url":"https:\/\/www.juguetia.com\/wp-content\/uploads\/2025\/04\/cropped-ChatGPT-Image-26-abr-2025-21_56_03-1.png","contentUrl":"https:\/\/www.juguetia.com\/wp-content\/uploads\/2025\/04\/cropped-ChatGPT-Image-26-abr-2025-21_56_03-1.png","width":1023,"height":384,"caption":"juguetia"},"image":{"@id":"https:\/\/www.juguetia.com\/#\/schema\/logo\/image\/"}}]}},"_links":{"self":[{"href":"https:\/\/www.juguetia.com\/index.php?rest_route=\/wp\/v2\/pages\/1890","targetHints":{"allow":["GET"]}}],"collection":[{"href":"https:\/\/www.juguetia.com\/index.php?rest_route=\/wp\/v2\/pages"}],"about":[{"href":"https:\/\/www.juguetia.com\/index.php?rest_route=\/wp\/v2\/types\/page"}],"author":[{"embeddable":true,"href":"https:\/\/www.juguetia.com\/index.php?rest_route=\/wp\/v2\/users\/1"}],"replies":[{"embeddable":true,"href":"https:\/\/www.juguetia.com\/index.php?rest_route=%2Fwp%2Fv2%2Fcomments&post=1890"}],"version-history":[{"count":11,"href":"https:\/\/www.juguetia.com\/index.php?rest_route=\/wp\/v2\/pages\/1890\/revisions"}],"predecessor-version":[{"id":1923,"href":"https:\/\/www.juguetia.com\/index.php?rest_route=\/wp\/v2\/pages\/1890\/revisions\/1923"}],"wp:attachment":[{"href":"https:\/\/www.juguetia.com\/index.php?rest_route=%2Fwp%2Fv2%2Fmedia&parent=1890"}],"curies":[{"name":"wp","href":"https:\/\/api.w.org\/{rel}","templated":true}]}}