{"id":1881,"date":"2025-05-21T23:25:25","date_gmt":"2025-05-21T21:25:25","guid":{"rendered":"https:\/\/www.juguetia.com\/?page_id=1881"},"modified":"2025-05-21T23:26:25","modified_gmt":"2025-05-21T21:26:25","slug":"cookies","status":"publish","type":"page","link":"https:\/\/www.juguetia.com\/?page_id=1881","title":{"rendered":"Pol\u00edtica de Cookies"},"content":{"rendered":"\t\t<div data-elementor-type=\"wp-page\" data-elementor-id=\"1881\" class=\"elementor elementor-1881\">\n\t\t\t\t<div class=\"elementor-element elementor-element-306f194 e-flex e-con-boxed e-con e-parent\" data-id=\"306f194\" data-element_type=\"container\" data-e-type=\"container\">\n\t\t\t\t\t<div class=\"e-con-inner\">\n\t\t\t\t<div class=\"elementor-element elementor-element-7b3f9de elementor-widget elementor-widget-heading\" data-id=\"7b3f9de\" data-element_type=\"widget\" data-e-type=\"widget\" data-widget_type=\"heading.default\">\n\t\t\t\t<div class=\"elementor-widget-container\">\n\t\t\t\t\t<h2 class=\"elementor-heading-title elementor-size-default\">Pol\u00edtica de Cookies<\/h2>\t\t\t\t<\/div>\n\t\t\t\t<\/div>\n\t\t\t\t<div class=\"elementor-element elementor-element-aaf59bc elementor-widget elementor-widget-text-editor\" data-id=\"aaf59bc\" data-element_type=\"widget\" data-e-type=\"widget\" data-widget_type=\"text-editor.default\">\n\t\t\t\t<div class=\"elementor-widget-container\">\n\t\t\t\t\t\t\t\t\t<p data-start=\"27\" data-end=\"281\"><strong data-start=\"27\" data-end=\"55\">1. \u00bfQu\u00e9 son las cookies?<\/strong><br data-start=\"55\" data-end=\"58\" \/>Las cookies son archivos de texto que los sitios web env\u00edan al navegador y se almacenan en tu dispositivo. Permiten reconocer tu navegador y recordar informaci\u00f3n sobre tu visita (preferencias, idioma, estad\u00edsticas, etc.).<\/p><p data-start=\"283\" data-end=\"329\"><strong data-start=\"283\" data-end=\"327\">2. Tipos de cookies usadas en este sitio<\/strong><\/p><div class=\"_tableContainer_16hzy_1\"><div class=\"_tableWrapper_16hzy_14 group flex w-fit flex-col-reverse\" tabindex=\"-1\"><table class=\"w-fit min-w-(--thread-content-width)\" data-start=\"331\" data-end=\"1191\"><thead data-start=\"331\" data-end=\"502\"><tr data-start=\"331\" data-end=\"502\"><th data-start=\"331\" data-end=\"349\" data-col-size=\"sm\">Categor\u00eda<\/th><th data-start=\"349\" data-end=\"441\" data-col-size=\"md\">Finalidad<\/th><th data-start=\"441\" data-end=\"502\" data-col-size=\"sm\">Cookies espec\u00edficas<\/th><\/tr><\/thead><tbody data-start=\"675\" data-end=\"1191\"><tr data-start=\"675\" data-end=\"847\"><td data-start=\"675\" data-end=\"693\" data-col-size=\"sm\">Esenciales<\/td><td data-start=\"693\" data-end=\"785\" data-col-size=\"md\">Garantizar el funcionamiento b\u00e1sico del sitio (p.ej. sesi\u00f3n de usuario).<\/td><td data-start=\"785\" data-end=\"847\" data-col-size=\"sm\">WordPress (PHPSESSID), cookies de login<\/td><\/tr><tr data-start=\"848\" data-end=\"1019\"><td data-start=\"848\" data-end=\"866\" data-col-size=\"sm\">Anal\u00edticas<\/td><td data-start=\"866\" data-end=\"958\" data-col-size=\"md\">Medir el n\u00famero de visitas y comportamiento de navegaci\u00f3n con Google Analytics.<\/td><td data-start=\"958\" data-end=\"1019\" data-col-size=\"sm\">_ga, _gid, _gat (Google Analytics)<\/td><\/tr><tr data-start=\"1020\" data-end=\"1191\"><td data-start=\"1020\" data-end=\"1038\" data-col-size=\"sm\">Afiliaci\u00f3n<\/td><td data-start=\"1038\" data-end=\"1130\" data-col-size=\"md\">Registrar clics en enlaces de afiliado a Amazon para el programa de afiliados.<\/td><td data-start=\"1130\" data-end=\"1191\" data-col-size=\"sm\">cookies propias de Amazon Associates<\/td><\/tr><\/tbody><\/table><div class=\"sticky end-(--thread-content-margin) h-0 self-end select-none\"><div class=\"absolute end-0 flex items-end\">\u00a0<\/div><\/div><\/div><\/div><p data-start=\"1193\" data-end=\"1483\"><strong data-start=\"1193\" data-end=\"1214\">3. Consentimiento<\/strong><br data-start=\"1214\" data-end=\"1217\" \/>Al navegar y continuar en este sitio, aceptas el uso de cookies de las categor\u00edas indicadas. Puedes revocar o modificar tu consentimiento en cualquier momento desde el banner o la herramienta de configuraci\u00f3n de cookies (inst\u00e1lalo mediante un plugin de tu elecci\u00f3n).<\/p><p data-start=\"1485\" data-end=\"1528\"><strong data-start=\"1485\" data-end=\"1526\">4. C\u00f3mo desactivar o eliminar cookies<\/strong><\/p><ul data-start=\"1529\" data-end=\"1998\"><li data-start=\"1529\" data-end=\"1854\"><p data-start=\"1531\" data-end=\"1552\">Desde tu navegador:<\/p><ul data-start=\"1555\" data-end=\"1854\"><li data-start=\"1555\" data-end=\"1676\"><p data-start=\"1557\" data-end=\"1676\">Chrome: Ajustes &gt; Privacidad y seguridad &gt; Cookies y otros datos de sitios &gt; Ver todas las cookies y datos de sitios.<\/p><\/li><li data-start=\"1679\" data-end=\"1781\"><p data-start=\"1681\" data-end=\"1781\">Firefox: Preferencias &gt; Privacidad &amp; Seguridad &gt; Cookies y datos del sitio &gt; Administrar permisos.<\/p><\/li><li data-start=\"1784\" data-end=\"1854\"><p data-start=\"1786\" data-end=\"1854\">Safari: Preferencias &gt; Privacidad &gt; Gestionar datos de sitios web.<\/p><\/li><\/ul><\/li><li data-start=\"1855\" data-end=\"1998\"><p data-start=\"1857\" data-end=\"1998\">Plugins de terceros: puedes usar complementos como \u201cCookie Notice\u201d o \u201cGDPR Cookie Consent\u201d para que los usuarios configuren sus preferencias.<\/p><\/li><\/ul><p data-start=\"2000\" data-end=\"2331\"><strong data-start=\"2000\" data-end=\"2042\">5. Consecuencias de desactivar cookies<\/strong><br data-start=\"2042\" data-end=\"2045\" \/>Al desactivar cookies esenciales, algunas funcionalidades del sitio pueden dejar de funcionar correctamente (p.ej. no recordar tu lista de favoritos). Si rechazas las cookies anal\u00edticas y de afiliaci\u00f3n, no se rastrear\u00e1n tus visitas ni se contabilizar\u00e1n tus clics en enlaces de afiliado.<\/p>\t\t\t\t\t\t\t\t<\/div>\n\t\t\t\t<\/div>\n\t\t\t\t\t<\/div>\n\t\t\t\t<\/div>\n\t\t\t\t<\/div>\n\t\t","protected":false},"excerpt":{"rendered":"<p>Pol\u00edtica de Cookies 1. \u00bfQu\u00e9 son las cookies?Las cookies son archivos de texto que los sitios web env\u00edan al navegador [&hellip;]<\/p>\n","protected":false},"author":1,"featured_media":0,"parent":0,"menu_order":0,"comment_status":"closed","ping_status":"closed","template":"","meta":{"_acf_changed":false,"site-sidebar-layout":"no-sidebar","site-content-layout":"","ast-site-content-layout":"full-width-container","site-content-style":"default","site-sidebar-style":"default","ast-global-header-display":"","ast-banner-title-visibility":"","ast-main-header-display":"","ast-hfb-above-header-display":"","ast-hfb-below-header-display":"","ast-hfb-mobile-header-display":"","site-post-title":"disabled","ast-breadcrumbs-content":"","ast-featured-img":"disabled","footer-sml-layout":"","ast-disable-related-posts":"","theme-transparent-header-meta":"","adv-header-id-meta":"","stick-header-meta":"","header-above-stick-meta":"","header-main-stick-meta":"","header-below-stick-meta":"","astra-migrate-meta-layouts":"default","ast-page-background-enabled":"default","ast-page-background-meta":{"desktop":{"background-color":"var(--ast-global-color-5)","background-image":"","background-repeat":"repeat","background-position":"center center","background-size":"auto","background-attachment":"scroll","background-type":"","background-media":"","overlay-type":"","overlay-color":"","overlay-opacity":"","overlay-gradient":""},"tablet":{"background-color":"","background-image":"","background-repeat":"repeat","background-position":"center center","background-size":"auto","background-attachment":"scroll","background-type":"","background-media":"","overlay-type":"","overlay-color":"","overlay-opacity":"","overlay-gradient":""},"mobile":{"background-color":"","background-image":"","background-repeat":"repeat","background-position":"center center","background-size":"auto","background-attachment":"scroll","background-type":"","background-media":"","overlay-type":"","overlay-color":"","overlay-opacity":"","overlay-gradient":""}},"ast-content-background-meta":{"desktop":{"background-color":"var(--ast-global-color-4)","background-image":"","background-repeat":"repeat","background-position":"center center","background-size":"auto","background-attachment":"scroll","background-type":"","background-media":"","overlay-type":"","overlay-color":"","overlay-opacity":"","overlay-gradient":""},"tablet":{"background-color":"var(--ast-global-color-4)","background-image":"","background-repeat":"repeat","background-position":"center center","background-size":"auto","background-attachment":"scroll","background-type":"","background-media":"","overlay-type":"","overlay-color":"","overlay-opacity":"","overlay-gradient":""},"mobile":{"background-color":"var(--ast-global-color-4)","background-image":"","background-repeat":"repeat","background-position":"center center","background-size":"auto","background-attachment":"scroll","background-type":"","background-media":"","overlay-type":"","overlay-color":"","overlay-opacity":"","overlay-gradient":""}},"footnotes":""},"class_list":["post-1881","page","type-page","status-publish","hentry"],"acf":[],"yoast_head":"<!-- This site is optimized with the Yoast SEO plugin v27.4 - https:\/\/yoast.com\/product\/yoast-seo-wordpress\/ -->\n<title>Pol\u00edtica de Cookies -<\/title>\n<meta name=\"robots\" content=\"index, follow, max-snippet:-1, max-image-preview:large, max-video-preview:-1\" \/>\n<link rel=\"canonical\" href=\"https:\/\/www.juguetia.com\/?page_id=1881\" \/>\n<meta property=\"og:locale\" content=\"es_ES\" \/>\n<meta property=\"og:type\" content=\"article\" \/>\n<meta property=\"og:title\" content=\"Pol\u00edtica de Cookies -\" \/>\n<meta property=\"og:description\" content=\"Pol\u00edtica de Cookies 1. \u00bfQu\u00e9 son las cookies?Las cookies son archivos de texto que los sitios web env\u00edan al navegador [&hellip;]\" \/>\n<meta property=\"og:url\" content=\"https:\/\/www.juguetia.com\/?page_id=1881\" \/>\n<meta property=\"article:modified_time\" content=\"2025-05-21T21:26:25+00:00\" \/>\n<meta name=\"twitter:card\" content=\"summary_large_image\" \/>\n<meta name=\"twitter:label1\" content=\"Tiempo de lectura\" \/>\n\t<meta name=\"twitter:data1\" content=\"2 minutos\" \/>\n<script type=\"application\/ld+json\" class=\"yoast-schema-graph\">{\"@context\":\"https:\\\/\\\/schema.org\",\"@graph\":[{\"@type\":\"WebPage\",\"@id\":\"https:\\\/\\\/www.juguetia.com\\\/?page_id=1881\",\"url\":\"https:\\\/\\\/www.juguetia.com\\\/?page_id=1881\",\"name\":\"Pol\u00edtica de Cookies -\",\"isPartOf\":{\"@id\":\"https:\\\/\\\/www.juguetia.com\\\/#website\"},\"datePublished\":\"2025-05-21T21:25:25+00:00\",\"dateModified\":\"2025-05-21T21:26:25+00:00\",\"breadcrumb\":{\"@id\":\"https:\\\/\\\/www.juguetia.com\\\/?page_id=1881#breadcrumb\"},\"inLanguage\":\"es\",\"potentialAction\":[{\"@type\":\"ReadAction\",\"target\":[\"https:\\\/\\\/www.juguetia.com\\\/?page_id=1881\"]}]},{\"@type\":\"BreadcrumbList\",\"@id\":\"https:\\\/\\\/www.juguetia.com\\\/?page_id=1881#breadcrumb\",\"itemListElement\":[{\"@type\":\"ListItem\",\"position\":1,\"name\":\"Portada\",\"item\":\"https:\\\/\\\/www.juguetia.com\\\/\"},{\"@type\":\"ListItem\",\"position\":2,\"name\":\"Pol\u00edtica de Cookies\"}]},{\"@type\":\"WebSite\",\"@id\":\"https:\\\/\\\/www.juguetia.com\\\/#website\",\"url\":\"https:\\\/\\\/www.juguetia.com\\\/\",\"name\":\"juguetIA.com\",\"description\":\"Filtra GRATIS con IA entre +5.000 juguetes de Amazon\",\"publisher\":{\"@id\":\"https:\\\/\\\/www.juguetia.com\\\/#organization\"},\"potentialAction\":[{\"@type\":\"SearchAction\",\"target\":{\"@type\":\"EntryPoint\",\"urlTemplate\":\"https:\\\/\\\/www.juguetia.com\\\/?s={search_term_string}\"},\"query-input\":{\"@type\":\"PropertyValueSpecification\",\"valueRequired\":true,\"valueName\":\"search_term_string\"}}],\"inLanguage\":\"es\"},{\"@type\":\"Organization\",\"@id\":\"https:\\\/\\\/www.juguetia.com\\\/#organization\",\"name\":\"juguetia\",\"url\":\"https:\\\/\\\/www.juguetia.com\\\/\",\"logo\":{\"@type\":\"ImageObject\",\"inLanguage\":\"es\",\"@id\":\"https:\\\/\\\/www.juguetia.com\\\/#\\\/schema\\\/logo\\\/image\\\/\",\"url\":\"https:\\\/\\\/www.juguetia.com\\\/wp-content\\\/uploads\\\/2025\\\/04\\\/cropped-ChatGPT-Image-26-abr-2025-21_56_03-1.png\",\"contentUrl\":\"https:\\\/\\\/www.juguetia.com\\\/wp-content\\\/uploads\\\/2025\\\/04\\\/cropped-ChatGPT-Image-26-abr-2025-21_56_03-1.png\",\"width\":1023,\"height\":384,\"caption\":\"juguetia\"},\"image\":{\"@id\":\"https:\\\/\\\/www.juguetia.com\\\/#\\\/schema\\\/logo\\\/image\\\/\"}}]}<\/script>\n<!-- \/ Yoast SEO plugin. -->","yoast_head_json":{"title":"Pol\u00edtica de Cookies -","robots":{"index":"index","follow":"follow","max-snippet":"max-snippet:-1","max-image-preview":"max-image-preview:large","max-video-preview":"max-video-preview:-1"},"canonical":"https:\/\/www.juguetia.com\/?page_id=1881","og_locale":"es_ES","og_type":"article","og_title":"Pol\u00edtica de Cookies -","og_description":"Pol\u00edtica de Cookies 1. \u00bfQu\u00e9 son las cookies?Las cookies son archivos de texto que los sitios web env\u00edan al navegador [&hellip;]","og_url":"https:\/\/www.juguetia.com\/?page_id=1881","article_modified_time":"2025-05-21T21:26:25+00:00","twitter_card":"summary_large_image","twitter_misc":{"Tiempo de lectura":"2 minutos"},"schema":{"@context":"https:\/\/schema.org","@graph":[{"@type":"WebPage","@id":"https:\/\/www.juguetia.com\/?page_id=1881","url":"https:\/\/www.juguetia.com\/?page_id=1881","name":"Pol\u00edtica de Cookies -","isPartOf":{"@id":"https:\/\/www.juguetia.com\/#website"},"datePublished":"2025-05-21T21:25:25+00:00","dateModified":"2025-05-21T21:26:25+00:00","breadcrumb":{"@id":"https:\/\/www.juguetia.com\/?page_id=1881#breadcrumb"},"inLanguage":"es","potentialAction":[{"@type":"ReadAction","target":["https:\/\/www.juguetia.com\/?page_id=1881"]}]},{"@type":"BreadcrumbList","@id":"https:\/\/www.juguetia.com\/?page_id=1881#breadcrumb","itemListElement":[{"@type":"ListItem","position":1,"name":"Portada","item":"https:\/\/www.juguetia.com\/"},{"@type":"ListItem","position":2,"name":"Pol\u00edtica de Cookies"}]},{"@type":"WebSite","@id":"https:\/\/www.juguetia.com\/#website","url":"https:\/\/www.juguetia.com\/","name":"juguetIA.com","description":"Filtra GRATIS con IA entre +5.000 juguetes de Amazon","publisher":{"@id":"https:\/\/www.juguetia.com\/#organization"},"potentialAction":[{"@type":"SearchAction","target":{"@type":"EntryPoint","urlTemplate":"https:\/\/www.juguetia.com\/?s={search_term_string}"},"query-input":{"@type":"PropertyValueSpecification","valueRequired":true,"valueName":"search_term_string"}}],"inLanguage":"es"},{"@type":"Organization","@id":"https:\/\/www.juguetia.com\/#organization","name":"juguetia","url":"https:\/\/www.juguetia.com\/","logo":{"@type":"ImageObject","inLanguage":"es","@id":"https:\/\/www.juguetia.com\/#\/schema\/logo\/image\/","url":"https:\/\/www.juguetia.com\/wp-content\/uploads\/2025\/04\/cropped-ChatGPT-Image-26-abr-2025-21_56_03-1.png","contentUrl":"https:\/\/www.juguetia.com\/wp-content\/uploads\/2025\/04\/cropped-ChatGPT-Image-26-abr-2025-21_56_03-1.png","width":1023,"height":384,"caption":"juguetia"},"image":{"@id":"https:\/\/www.juguetia.com\/#\/schema\/logo\/image\/"}}]}},"_links":{"self":[{"href":"https:\/\/www.juguetia.com\/index.php?rest_route=\/wp\/v2\/pages\/1881","targetHints":{"allow":["GET"]}}],"collection":[{"href":"https:\/\/www.juguetia.com\/index.php?rest_route=\/wp\/v2\/pages"}],"about":[{"href":"https:\/\/www.juguetia.com\/index.php?rest_route=\/wp\/v2\/types\/page"}],"author":[{"embeddable":true,"href":"https:\/\/www.juguetia.com\/index.php?rest_route=\/wp\/v2\/users\/1"}],"replies":[{"embeddable":true,"href":"https:\/\/www.juguetia.com\/index.php?rest_route=%2Fwp%2Fv2%2Fcomments&post=1881"}],"version-history":[{"count":8,"href":"https:\/\/www.juguetia.com\/index.php?rest_route=\/wp\/v2\/pages\/1881\/revisions"}],"predecessor-version":[{"id":1889,"href":"https:\/\/www.juguetia.com\/index.php?rest_route=\/wp\/v2\/pages\/1881\/revisions\/1889"}],"wp:attachment":[{"href":"https:\/\/www.juguetia.com\/index.php?rest_route=%2Fwp%2Fv2%2Fmedia&parent=1881"}],"curies":[{"name":"wp","href":"https:\/\/api.w.org\/{rel}","templated":true}]}}