{"id":1872,"date":"2025-05-21T23:22:53","date_gmt":"2025-05-21T21:22:53","guid":{"rendered":"https:\/\/www.juguetia.com\/?page_id=1872"},"modified":"2025-05-22T00:18:51","modified_gmt":"2025-05-21T22:18:51","slug":"politica-de-privacidad","status":"publish","type":"page","link":"https:\/\/www.juguetia.com\/?page_id=1872","title":{"rendered":"Pol\u00edtica de privacidad"},"content":{"rendered":"\t\t<div data-elementor-type=\"wp-page\" data-elementor-id=\"1872\" class=\"elementor elementor-1872\">\n\t\t\t\t<div class=\"elementor-element elementor-element-e6cb7c6 e-flex e-con-boxed e-con e-parent\" data-id=\"e6cb7c6\" data-element_type=\"container\" data-e-type=\"container\">\n\t\t\t\t\t<div class=\"e-con-inner\">\n\t\t\t\t<div class=\"elementor-element elementor-element-ba316da elementor-widget elementor-widget-heading\" data-id=\"ba316da\" data-element_type=\"widget\" data-e-type=\"widget\" data-widget_type=\"heading.default\">\n\t\t\t\t<div class=\"elementor-widget-container\">\n\t\t\t\t\t<h2 class=\"elementor-heading-title elementor-size-default\">Pol\u00edtica de privacidad<\/h2>\t\t\t\t<\/div>\n\t\t\t\t<\/div>\n\t\t\t\t<div class=\"elementor-element elementor-element-fd0c494 elementor-widget elementor-widget-text-editor\" data-id=\"fd0c494\" data-element_type=\"widget\" data-e-type=\"widget\" data-widget_type=\"text-editor.default\">\n\t\t\t\t<div class=\"elementor-widget-container\">\n\t\t\t\t\t\t\t\t\t<p data-start=\"30\" data-end=\"66\"><strong data-start=\"30\" data-end=\"64\">1. Responsable del Tratamiento<\/strong><\/p><ul data-start=\"67\" data-end=\"242\"><li data-start=\"67\" data-end=\"97\"><p data-start=\"69\" data-end=\"97\">Nombre: Silvia Mu\u00f1oz Vidal<\/p><\/li><li data-start=\"98\" data-end=\"116\"><p data-start=\"100\" data-end=\"116\">NIF: 43554675N<\/p><\/li><li data-start=\"117\" data-end=\"192\"><p data-start=\"119\" data-end=\"192\">Domicilio: Camino Cortijo de Maza, 6, 29140 (Churriana), M\u00e1laga, Espa\u00f1a<\/p><\/li><li data-start=\"193\" data-end=\"242\"><p data-start=\"195\" data-end=\"242\">Email de contacto: <a class=\"cursor-pointer\" rel=\"noopener\" data-start=\"214\" data-end=\"240\">hola@juguetia.com<\/a><\/p><\/li><\/ul><p data-start=\"244\" data-end=\"277\"><strong data-start=\"244\" data-end=\"275\">2. Finalidades y Base Legal<\/strong><\/p><div class=\"_tableContainer_16hzy_1\"><div class=\"_tableWrapper_16hzy_14 group flex w-fit flex-col-reverse\" tabindex=\"-1\"><table class=\"w-fit min-w-(--thread-content-width)\" data-start=\"278\" data-end=\"1086\"><thead data-start=\"278\" data-end=\"411\"><tr data-start=\"278\" data-end=\"411\"><th data-start=\"278\" data-end=\"332\" data-col-size=\"md\">Finalidad<\/th><th data-start=\"332\" data-end=\"375\" data-col-size=\"sm\">Datos tratados<\/th><th data-start=\"375\" data-end=\"411\" data-col-size=\"sm\">Base legal<\/th><\/tr><\/thead><tbody data-start=\"547\" data-end=\"1086\"><tr data-start=\"547\" data-end=\"681\"><td data-start=\"547\" data-end=\"601\" data-col-size=\"md\">Gesti\u00f3n de formularios de contacto<\/td><td data-start=\"601\" data-end=\"645\" data-col-size=\"sm\">Nombre, correo electr\u00f3nico, mensaje<\/td><td data-start=\"645\" data-end=\"681\" data-col-size=\"sm\">Consentimiento (RGPD art.6.1.a)<\/td><\/tr><tr data-start=\"682\" data-end=\"816\"><td data-start=\"682\" data-end=\"736\" data-col-size=\"md\">Suscripci\u00f3n a newsletter<\/td><td data-start=\"736\" data-end=\"780\" data-col-size=\"sm\">Correo electr\u00f3nico<\/td><td data-start=\"780\" data-end=\"816\" data-col-size=\"sm\">Consentimiento (RGPD art.6.1.a)<\/td><\/tr><tr data-start=\"817\" data-end=\"951\"><td data-start=\"817\" data-end=\"871\" data-col-size=\"md\">An\u00e1lisis de comportamiento con Google Analytics<\/td><td data-start=\"871\" data-end=\"915\" data-col-size=\"sm\">Datos de navegaci\u00f3n (cookies anal\u00edticas)<\/td><td data-start=\"915\" data-end=\"951\" data-col-size=\"sm\">Inter\u00e9s leg\u00edtimo (RGPD art.6.1.f)<\/td><\/tr><tr data-start=\"952\" data-end=\"1086\"><td data-start=\"952\" data-end=\"1006\" data-col-size=\"md\">Gesti\u00f3n de favoritos en localStorage o cuenta<\/td><td data-start=\"1006\" data-end=\"1050\" data-col-size=\"sm\">ID de usuario, lista de favoritos<\/td><td data-start=\"1050\" data-end=\"1086\" data-col-size=\"sm\">Ejecuci\u00f3n de un servicio<\/td><\/tr><\/tbody><\/table><div class=\"sticky end-(--thread-content-margin) h-0 self-end select-none\"><div class=\"absolute end-0 flex items-end\">\u00a0<\/div><\/div><\/div><\/div><p data-start=\"1088\" data-end=\"1110\"><strong data-start=\"1088\" data-end=\"1108\">3. Destinatarios<\/strong><\/p><ul data-start=\"1111\" data-end=\"1322\"><li data-start=\"1111\" data-end=\"1187\"><p data-start=\"1113\" data-end=\"1187\"><strong data-start=\"1113\" data-end=\"1147\">Google Analytics (Google LLC):<\/strong> para an\u00e1lisis estad\u00edstico de visitas.<\/p><\/li><li data-start=\"1188\" data-end=\"1241\"><p data-start=\"1190\" data-end=\"1241\"><strong data-start=\"1190\" data-end=\"1212\">Amazon Associates:<\/strong> para enlace de afiliaci\u00f3n.<\/p><\/li><li data-start=\"1242\" data-end=\"1322\"><p data-start=\"1244\" data-end=\"1322\"><strong data-start=\"1244\" data-end=\"1290\">Proveedor de hosting y servicios t\u00e9cnicos:<\/strong> para mantenimiento del sitio.<\/p><\/li><\/ul><p data-start=\"1324\" data-end=\"1378\">No se ceder\u00e1n datos a terceros salvo obligaci\u00f3n legal.<\/p><p data-start=\"1380\" data-end=\"1411\"><strong data-start=\"1380\" data-end=\"1409\">4. Plazos de Conservaci\u00f3n<\/strong><\/p><ul data-start=\"1412\" data-end=\"1766\"><li data-start=\"1412\" data-end=\"1489\"><p data-start=\"1414\" data-end=\"1489\">Formularios de contacto y suscripciones: mientras no solicites supresi\u00f3n.<\/p><\/li><li data-start=\"1490\" data-end=\"1563\"><p data-start=\"1492\" data-end=\"1563\">Datos de Google Analytics: 14 meses (configurable en la herramienta).<\/p><\/li><li data-start=\"1564\" data-end=\"1679\"><p data-start=\"1566\" data-end=\"1679\">Favoritos de invitado (localStorage): el tiempo que mantengas tu navegador o elimines tus cookies\/localStorage.<\/p><\/li><li data-start=\"1680\" data-end=\"1766\"><p data-start=\"1682\" data-end=\"1766\">Favoritos de usuario registrado: hasta que borres tu cuenta o solicites eliminarlos.<\/p><\/li><\/ul><p data-start=\"1768\" data-end=\"1824\"><strong data-start=\"1768\" data-end=\"1802\">5. Derechos de los Interesados<\/strong><br data-start=\"1802\" data-end=\"1805\" \/>Tienes derecho a:<\/p><ul data-start=\"1825\" data-end=\"2024\"><li data-start=\"1825\" data-end=\"1853\"><p data-start=\"1827\" data-end=\"1853\"><strong data-start=\"1827\" data-end=\"1838\">Acceder<\/strong> a tus datos.<\/p><\/li><li data-start=\"1854\" data-end=\"1889\"><p data-start=\"1856\" data-end=\"1889\"><strong data-start=\"1856\" data-end=\"1870\">Rectificar<\/strong> datos inexactos.<\/p><\/li><li data-start=\"1890\" data-end=\"1942\"><p data-start=\"1892\" data-end=\"1942\"><strong data-start=\"1892\" data-end=\"1904\">Suprimir<\/strong> datos cuando ya no sean necesarios.<\/p><\/li><li data-start=\"1943\" data-end=\"1989\"><p data-start=\"1945\" data-end=\"1989\"><strong data-start=\"1945\" data-end=\"1956\">Limitar<\/strong> o <strong data-start=\"1959\" data-end=\"1971\">oponerte<\/strong> al tratamiento.<\/p><\/li><li data-start=\"1990\" data-end=\"2024\"><p data-start=\"1992\" data-end=\"2024\"><strong data-start=\"1992\" data-end=\"2008\">Portabilidad<\/strong> de tus datos.<\/p><\/li><\/ul><p data-start=\"2026\" data-end=\"2134\">Para ejercerlos, env\u00eda un email a <a class=\"cursor-pointer\" rel=\"noopener\" data-start=\"2060\" data-end=\"2086\">hola@juguetia.com<\/a> con en asunto \u201cRGPD\u201d.<\/p><p data-start=\"2136\" data-end=\"2337\"><strong data-start=\"2136\" data-end=\"2178\">6. Derecho a Retirar el Consentimiento<\/strong><br data-start=\"2178\" data-end=\"2181\" \/>Puedes retirar tu consentimiento (p.ej. suscripci\u00f3n newsletter) en cualquier momento, sin que ello afecte a la licitud del tratamiento previo a su retirada.<\/p><p data-start=\"2339\" data-end=\"2523\"><strong data-start=\"2339\" data-end=\"2377\">7. Derecho a Presentar Reclamaci\u00f3n<\/strong><br data-start=\"2377\" data-end=\"2380\" \/>Si consideras que no se han respetado tus derechos, puedes presentar reclamaci\u00f3n ante la Agencia Espa\u00f1ola de Protecci\u00f3n de Datos (<a class=\"\" href=\"http:\/\/www.aepd.es\" target=\"_new\" rel=\"noopener\" data-start=\"2510\" data-end=\"2521\">www.aepd.es<\/a>).<\/p><p data-start=\"2525\" data-end=\"2681\"><strong data-start=\"2525\" data-end=\"2541\">8. Seguridad<\/strong><br data-start=\"2541\" data-end=\"2544\" \/>Se adoptan las medidas t\u00e9cnicas y organizativas necesarias para garantizar la confidencialidad, integridad y disponibilidad de tus datos.<\/p>\t\t\t\t\t\t\t\t<\/div>\n\t\t\t\t<\/div>\n\t\t\t\t\t<\/div>\n\t\t\t\t<\/div>\n\t\t\t\t<\/div>\n\t\t","protected":false},"excerpt":{"rendered":"<p>Pol\u00edtica de privacidad 1. Responsable del Tratamiento Nombre: Silvia Mu\u00f1oz Vidal NIF: 43554675N Domicilio: Camino Cortijo de Maza, 6, 29140 [&hellip;]<\/p>\n","protected":false},"author":1,"featured_media":0,"parent":0,"menu_order":0,"comment_status":"closed","ping_status":"closed","template":"","meta":{"_acf_changed":false,"site-sidebar-layout":"no-sidebar","site-content-layout":"","ast-site-content-layout":"full-width-container","site-content-style":"default","site-sidebar-style":"default","ast-global-header-display":"","ast-banner-title-visibility":"","ast-main-header-display":"","ast-hfb-above-header-display":"","ast-hfb-below-header-display":"","ast-hfb-mobile-header-display":"","site-post-title":"disabled","ast-breadcrumbs-content":"","ast-featured-img":"disabled","footer-sml-layout":"","ast-disable-related-posts":"","theme-transparent-header-meta":"","adv-header-id-meta":"","stick-header-meta":"","header-above-stick-meta":"","header-main-stick-meta":"","header-below-stick-meta":"","astra-migrate-meta-layouts":"default","ast-page-background-enabled":"default","ast-page-background-meta":{"desktop":{"background-color":"var(--ast-global-color-5)","background-image":"","background-repeat":"repeat","background-position":"center center","background-size":"auto","background-attachment":"scroll","background-type":"","background-media":"","overlay-type":"","overlay-color":"","overlay-opacity":"","overlay-gradient":""},"tablet":{"background-color":"","background-image":"","background-repeat":"repeat","background-position":"center center","background-size":"auto","background-attachment":"scroll","background-type":"","background-media":"","overlay-type":"","overlay-color":"","overlay-opacity":"","overlay-gradient":""},"mobile":{"background-color":"","background-image":"","background-repeat":"repeat","background-position":"center center","background-size":"auto","background-attachment":"scroll","background-type":"","background-media":"","overlay-type":"","overlay-color":"","overlay-opacity":"","overlay-gradient":""}},"ast-content-background-meta":{"desktop":{"background-color":"var(--ast-global-color-4)","background-image":"","background-repeat":"repeat","background-position":"center center","background-size":"auto","background-attachment":"scroll","background-type":"","background-media":"","overlay-type":"","overlay-color":"","overlay-opacity":"","overlay-gradient":""},"tablet":{"background-color":"var(--ast-global-color-4)","background-image":"","background-repeat":"repeat","background-position":"center center","background-size":"auto","background-attachment":"scroll","background-type":"","background-media":"","overlay-type":"","overlay-color":"","overlay-opacity":"","overlay-gradient":""},"mobile":{"background-color":"var(--ast-global-color-4)","background-image":"","background-repeat":"repeat","background-position":"center center","background-size":"auto","background-attachment":"scroll","background-type":"","background-media":"","overlay-type":"","overlay-color":"","overlay-opacity":"","overlay-gradient":""}},"footnotes":""},"class_list":["post-1872","page","type-page","status-publish","hentry"],"acf":[],"yoast_head":"<!-- This site is optimized with the Yoast SEO plugin v27.4 - https:\/\/yoast.com\/product\/yoast-seo-wordpress\/ -->\n<title>Pol\u00edtica de privacidad -<\/title>\n<meta name=\"robots\" content=\"index, follow, max-snippet:-1, max-image-preview:large, max-video-preview:-1\" \/>\n<link rel=\"canonical\" href=\"https:\/\/www.juguetia.com\/?page_id=1872\" \/>\n<meta property=\"og:locale\" content=\"es_ES\" \/>\n<meta property=\"og:type\" content=\"article\" \/>\n<meta property=\"og:title\" content=\"Pol\u00edtica de privacidad -\" \/>\n<meta property=\"og:description\" content=\"Pol\u00edtica de privacidad 1. Responsable del Tratamiento Nombre: Silvia Mu\u00f1oz Vidal NIF: 43554675N Domicilio: Camino Cortijo de Maza, 6, 29140 [&hellip;]\" \/>\n<meta property=\"og:url\" content=\"https:\/\/www.juguetia.com\/?page_id=1872\" \/>\n<meta property=\"article:modified_time\" content=\"2025-05-21T22:18:51+00:00\" \/>\n<meta name=\"twitter:card\" content=\"summary_large_image\" \/>\n<meta name=\"twitter:label1\" content=\"Tiempo de lectura\" \/>\n\t<meta name=\"twitter:data1\" content=\"2 minutos\" \/>\n<script type=\"application\/ld+json\" class=\"yoast-schema-graph\">{\"@context\":\"https:\\\/\\\/schema.org\",\"@graph\":[{\"@type\":\"WebPage\",\"@id\":\"https:\\\/\\\/www.juguetia.com\\\/?page_id=1872\",\"url\":\"https:\\\/\\\/www.juguetia.com\\\/?page_id=1872\",\"name\":\"Pol\u00edtica de privacidad -\",\"isPartOf\":{\"@id\":\"https:\\\/\\\/www.juguetia.com\\\/#website\"},\"datePublished\":\"2025-05-21T21:22:53+00:00\",\"dateModified\":\"2025-05-21T22:18:51+00:00\",\"breadcrumb\":{\"@id\":\"https:\\\/\\\/www.juguetia.com\\\/?page_id=1872#breadcrumb\"},\"inLanguage\":\"es\",\"potentialAction\":[{\"@type\":\"ReadAction\",\"target\":[\"https:\\\/\\\/www.juguetia.com\\\/?page_id=1872\"]}]},{\"@type\":\"BreadcrumbList\",\"@id\":\"https:\\\/\\\/www.juguetia.com\\\/?page_id=1872#breadcrumb\",\"itemListElement\":[{\"@type\":\"ListItem\",\"position\":1,\"name\":\"Portada\",\"item\":\"https:\\\/\\\/www.juguetia.com\\\/\"},{\"@type\":\"ListItem\",\"position\":2,\"name\":\"Pol\u00edtica de privacidad\"}]},{\"@type\":\"WebSite\",\"@id\":\"https:\\\/\\\/www.juguetia.com\\\/#website\",\"url\":\"https:\\\/\\\/www.juguetia.com\\\/\",\"name\":\"juguetIA.com\",\"description\":\"Filtra GRATIS con IA entre +5.000 juguetes de Amazon\",\"publisher\":{\"@id\":\"https:\\\/\\\/www.juguetia.com\\\/#organization\"},\"potentialAction\":[{\"@type\":\"SearchAction\",\"target\":{\"@type\":\"EntryPoint\",\"urlTemplate\":\"https:\\\/\\\/www.juguetia.com\\\/?s={search_term_string}\"},\"query-input\":{\"@type\":\"PropertyValueSpecification\",\"valueRequired\":true,\"valueName\":\"search_term_string\"}}],\"inLanguage\":\"es\"},{\"@type\":\"Organization\",\"@id\":\"https:\\\/\\\/www.juguetia.com\\\/#organization\",\"name\":\"juguetia\",\"url\":\"https:\\\/\\\/www.juguetia.com\\\/\",\"logo\":{\"@type\":\"ImageObject\",\"inLanguage\":\"es\",\"@id\":\"https:\\\/\\\/www.juguetia.com\\\/#\\\/schema\\\/logo\\\/image\\\/\",\"url\":\"https:\\\/\\\/www.juguetia.com\\\/wp-content\\\/uploads\\\/2025\\\/04\\\/cropped-ChatGPT-Image-26-abr-2025-21_56_03-1.png\",\"contentUrl\":\"https:\\\/\\\/www.juguetia.com\\\/wp-content\\\/uploads\\\/2025\\\/04\\\/cropped-ChatGPT-Image-26-abr-2025-21_56_03-1.png\",\"width\":1023,\"height\":384,\"caption\":\"juguetia\"},\"image\":{\"@id\":\"https:\\\/\\\/www.juguetia.com\\\/#\\\/schema\\\/logo\\\/image\\\/\"}}]}<\/script>\n<!-- \/ Yoast SEO plugin. -->","yoast_head_json":{"title":"Pol\u00edtica de privacidad -","robots":{"index":"index","follow":"follow","max-snippet":"max-snippet:-1","max-image-preview":"max-image-preview:large","max-video-preview":"max-video-preview:-1"},"canonical":"https:\/\/www.juguetia.com\/?page_id=1872","og_locale":"es_ES","og_type":"article","og_title":"Pol\u00edtica de privacidad -","og_description":"Pol\u00edtica de privacidad 1. Responsable del Tratamiento Nombre: Silvia Mu\u00f1oz Vidal NIF: 43554675N Domicilio: Camino Cortijo de Maza, 6, 29140 [&hellip;]","og_url":"https:\/\/www.juguetia.com\/?page_id=1872","article_modified_time":"2025-05-21T22:18:51+00:00","twitter_card":"summary_large_image","twitter_misc":{"Tiempo de lectura":"2 minutos"},"schema":{"@context":"https:\/\/schema.org","@graph":[{"@type":"WebPage","@id":"https:\/\/www.juguetia.com\/?page_id=1872","url":"https:\/\/www.juguetia.com\/?page_id=1872","name":"Pol\u00edtica de privacidad -","isPartOf":{"@id":"https:\/\/www.juguetia.com\/#website"},"datePublished":"2025-05-21T21:22:53+00:00","dateModified":"2025-05-21T22:18:51+00:00","breadcrumb":{"@id":"https:\/\/www.juguetia.com\/?page_id=1872#breadcrumb"},"inLanguage":"es","potentialAction":[{"@type":"ReadAction","target":["https:\/\/www.juguetia.com\/?page_id=1872"]}]},{"@type":"BreadcrumbList","@id":"https:\/\/www.juguetia.com\/?page_id=1872#breadcrumb","itemListElement":[{"@type":"ListItem","position":1,"name":"Portada","item":"https:\/\/www.juguetia.com\/"},{"@type":"ListItem","position":2,"name":"Pol\u00edtica de privacidad"}]},{"@type":"WebSite","@id":"https:\/\/www.juguetia.com\/#website","url":"https:\/\/www.juguetia.com\/","name":"juguetIA.com","description":"Filtra GRATIS con IA entre +5.000 juguetes de Amazon","publisher":{"@id":"https:\/\/www.juguetia.com\/#organization"},"potentialAction":[{"@type":"SearchAction","target":{"@type":"EntryPoint","urlTemplate":"https:\/\/www.juguetia.com\/?s={search_term_string}"},"query-input":{"@type":"PropertyValueSpecification","valueRequired":true,"valueName":"search_term_string"}}],"inLanguage":"es"},{"@type":"Organization","@id":"https:\/\/www.juguetia.com\/#organization","name":"juguetia","url":"https:\/\/www.juguetia.com\/","logo":{"@type":"ImageObject","inLanguage":"es","@id":"https:\/\/www.juguetia.com\/#\/schema\/logo\/image\/","url":"https:\/\/www.juguetia.com\/wp-content\/uploads\/2025\/04\/cropped-ChatGPT-Image-26-abr-2025-21_56_03-1.png","contentUrl":"https:\/\/www.juguetia.com\/wp-content\/uploads\/2025\/04\/cropped-ChatGPT-Image-26-abr-2025-21_56_03-1.png","width":1023,"height":384,"caption":"juguetia"},"image":{"@id":"https:\/\/www.juguetia.com\/#\/schema\/logo\/image\/"}}]}},"_links":{"self":[{"href":"https:\/\/www.juguetia.com\/index.php?rest_route=\/wp\/v2\/pages\/1872","targetHints":{"allow":["GET"]}}],"collection":[{"href":"https:\/\/www.juguetia.com\/index.php?rest_route=\/wp\/v2\/pages"}],"about":[{"href":"https:\/\/www.juguetia.com\/index.php?rest_route=\/wp\/v2\/types\/page"}],"author":[{"embeddable":true,"href":"https:\/\/www.juguetia.com\/index.php?rest_route=\/wp\/v2\/users\/1"}],"replies":[{"embeddable":true,"href":"https:\/\/www.juguetia.com\/index.php?rest_route=%2Fwp%2Fv2%2Fcomments&post=1872"}],"version-history":[{"count":17,"href":"https:\/\/www.juguetia.com\/index.php?rest_route=\/wp\/v2\/pages\/1872\/revisions"}],"predecessor-version":[{"id":1916,"href":"https:\/\/www.juguetia.com\/index.php?rest_route=\/wp\/v2\/pages\/1872\/revisions\/1916"}],"wp:attachment":[{"href":"https:\/\/www.juguetia.com\/index.php?rest_route=%2Fwp%2Fv2%2Fmedia&parent=1872"}],"curies":[{"name":"wp","href":"https:\/\/api.w.org\/{rel}","templated":true}]}}