{"id":1858,"date":"2025-05-21T23:18:32","date_gmt":"2025-05-21T21:18:32","guid":{"rendered":"https:\/\/www.juguetia.com\/?page_id=1858"},"modified":"2025-05-22T00:19:12","modified_gmt":"2025-05-21T22:19:12","slug":"aviso-legal","status":"publish","type":"page","link":"https:\/\/www.juguetia.com\/?page_id=1858","title":{"rendered":"Aviso legal"},"content":{"rendered":"\t\t<div data-elementor-type=\"wp-page\" data-elementor-id=\"1858\" class=\"elementor elementor-1858\">\n\t\t\t\t<div class=\"elementor-element elementor-element-e46d629 e-flex e-con-boxed e-con e-parent\" data-id=\"e46d629\" data-element_type=\"container\" data-e-type=\"container\">\n\t\t\t\t\t<div class=\"e-con-inner\">\n\t\t\t\t<div class=\"elementor-element elementor-element-ac6e21a elementor-widget elementor-widget-heading\" data-id=\"ac6e21a\" data-element_type=\"widget\" data-e-type=\"widget\" data-widget_type=\"heading.default\">\n\t\t\t\t<div class=\"elementor-widget-container\">\n\t\t\t\t\t<h2 class=\"elementor-heading-title elementor-size-default\">Aviso Legal<\/h2>\t\t\t\t<\/div>\n\t\t\t\t<\/div>\n\t\t\t\t\t<\/div>\n\t\t\t\t<\/div>\n\t\t<div class=\"elementor-element elementor-element-9d1512d e-flex e-con-boxed e-con e-parent\" data-id=\"9d1512d\" data-element_type=\"container\" data-e-type=\"container\">\n\t\t\t\t\t<div class=\"e-con-inner\">\n\t\t\t\t<div class=\"elementor-element elementor-element-92e722c elementor-widget elementor-widget-text-editor\" data-id=\"92e722c\" data-element_type=\"widget\" data-e-type=\"widget\" data-widget_type=\"text-editor.default\">\n\t\t\t\t<div class=\"elementor-widget-container\">\n\t\t\t\t\t\t\t\t\t<p data-start=\"19\" data-end=\"223\"><strong data-start=\"19\" data-end=\"52\">1. Identificaci\u00f3n del Titular<\/strong><br data-start=\"52\" data-end=\"55\" \/>Nombre: Silvia Mu\u00f1oz Vidal<br data-start=\"81\" data-end=\"84\" \/>NIF: 43554675N<br data-start=\"98\" data-end=\"101\" \/>Domicilio: Camino Cortijo de Maza, 6, 29140 (Churriana), M\u00e1laga, Espa\u00f1a<br data-start=\"172\" data-end=\"175\" \/>Correo electr\u00f3nico: <a class=\"cursor-pointer\" rel=\"noopener\" data-start=\"195\" data-end=\"221\">hola@juguetia.com<\/a><\/p><p data-start=\"225\" data-end=\"497\"><strong data-start=\"225\" data-end=\"238\">2. Objeto<\/strong><br data-start=\"238\" data-end=\"241\" \/>El presente sitio web (<a class=\"\" href=\"https:\/\/tudominio.com\" target=\"_new\" rel=\"noopener\" data-start=\"264\" data-end=\"285\">www.juguetia.com<\/a>) ofrece contenido relacionado con recomendaciones de juguetes y enlaces de afiliaci\u00f3n con Amazon. El acceso y uso son gratuitos, quedando sujeto a los t\u00e9rminos y condiciones que se describen en este documento.<\/p><p data-start=\"499\" data-end=\"526\"><strong data-start=\"499\" data-end=\"524\">3. Condiciones de Uso<\/strong><\/p><ul data-start=\"527\" data-end=\"822\"><li data-start=\"527\" data-end=\"614\"><p data-start=\"529\" data-end=\"614\">Queda prohibida la reproducci\u00f3n total o parcial de los contenidos sin autorizaci\u00f3n.<\/p><\/li><li data-start=\"615\" data-end=\"709\"><p data-start=\"617\" data-end=\"709\">La titular no garantiza la disponibilidad permanente del sitio, ni la ausencia de errores.<\/p><\/li><li data-start=\"710\" data-end=\"822\"><p data-start=\"712\" data-end=\"822\">No se responsabiliza de da\u00f1os o perjuicios derivados del uso de enlaces a sitios de terceros (p.ej. Amazon).<\/p><\/li><\/ul><p data-start=\"824\" data-end=\"1084\"><strong data-start=\"824\" data-end=\"846\">4. Responsabilidad<\/strong><br data-start=\"846\" data-end=\"849\" \/>Silvia Mu\u00f1oz Vidal excluye toda responsabilidad por la informaci\u00f3n y contenidos de sitios externos enlazados. Asimismo, no asume responsabilidad sobre la veracidad, exactitud o actualizaci\u00f3n de la informaci\u00f3n facilitada por terceros.<\/p><p data-start=\"1086\" data-end=\"1280\"><strong data-start=\"1086\" data-end=\"1129\">5. Legislaci\u00f3n Aplicable y Jurisdicci\u00f3n<\/strong><br data-start=\"1129\" data-end=\"1132\" \/>Estos t\u00e9rminos se rigen por la legislaci\u00f3n espa\u00f1ola. Para cualquier controversia, las partes se someten a los Juzgados y Tribunales de M\u00e1laga.<\/p>\t\t\t\t\t\t\t\t<\/div>\n\t\t\t\t<\/div>\n\t\t\t\t\t<\/div>\n\t\t\t\t<\/div>\n\t\t\t\t<\/div>\n\t\t","protected":false},"excerpt":{"rendered":"<p>Aviso Legal 1. Identificaci\u00f3n del TitularNombre: Silvia Mu\u00f1oz VidalNIF: 43554675NDomicilio: Camino Cortijo de Maza, 6, 29140 (Churriana), M\u00e1laga, Espa\u00f1aCorreo electr\u00f3nico: [&hellip;]<\/p>\n","protected":false},"author":1,"featured_media":0,"parent":0,"menu_order":0,"comment_status":"closed","ping_status":"closed","template":"","meta":{"_acf_changed":false,"site-sidebar-layout":"no-sidebar","site-content-layout":"","ast-site-content-layout":"full-width-container","site-content-style":"default","site-sidebar-style":"default","ast-global-header-display":"","ast-banner-title-visibility":"","ast-main-header-display":"","ast-hfb-above-header-display":"","ast-hfb-below-header-display":"","ast-hfb-mobile-header-display":"","site-post-title":"disabled","ast-breadcrumbs-content":"","ast-featured-img":"disabled","footer-sml-layout":"","ast-disable-related-posts":"","theme-transparent-header-meta":"","adv-header-id-meta":"","stick-header-meta":"","header-above-stick-meta":"","header-main-stick-meta":"","header-below-stick-meta":"","astra-migrate-meta-layouts":"default","ast-page-background-enabled":"default","ast-page-background-meta":{"desktop":{"background-color":"var(--ast-global-color-5)","background-image":"","background-repeat":"repeat","background-position":"center center","background-size":"auto","background-attachment":"scroll","background-type":"","background-media":"","overlay-type":"","overlay-color":"","overlay-opacity":"","overlay-gradient":""},"tablet":{"background-color":"","background-image":"","background-repeat":"repeat","background-position":"center center","background-size":"auto","background-attachment":"scroll","background-type":"","background-media":"","overlay-type":"","overlay-color":"","overlay-opacity":"","overlay-gradient":""},"mobile":{"background-color":"","background-image":"","background-repeat":"repeat","background-position":"center center","background-size":"auto","background-attachment":"scroll","background-type":"","background-media":"","overlay-type":"","overlay-color":"","overlay-opacity":"","overlay-gradient":""}},"ast-content-background-meta":{"desktop":{"background-color":"var(--ast-global-color-4)","background-image":"","background-repeat":"repeat","background-position":"center center","background-size":"auto","background-attachment":"scroll","background-type":"","background-media":"","overlay-type":"","overlay-color":"","overlay-opacity":"","overlay-gradient":""},"tablet":{"background-color":"var(--ast-global-color-4)","background-image":"","background-repeat":"repeat","background-position":"center center","background-size":"auto","background-attachment":"scroll","background-type":"","background-media":"","overlay-type":"","overlay-color":"","overlay-opacity":"","overlay-gradient":""},"mobile":{"background-color":"var(--ast-global-color-4)","background-image":"","background-repeat":"repeat","background-position":"center center","background-size":"auto","background-attachment":"scroll","background-type":"","background-media":"","overlay-type":"","overlay-color":"","overlay-opacity":"","overlay-gradient":""}},"footnotes":""},"class_list":["post-1858","page","type-page","status-publish","hentry"],"acf":[],"yoast_head":"<!-- This site is optimized with the Yoast SEO plugin v27.4 - https:\/\/yoast.com\/product\/yoast-seo-wordpress\/ -->\n<title>Aviso legal -<\/title>\n<meta name=\"robots\" content=\"index, follow, max-snippet:-1, max-image-preview:large, max-video-preview:-1\" \/>\n<link rel=\"canonical\" href=\"https:\/\/www.juguetia.com\/?page_id=1858\" \/>\n<meta property=\"og:locale\" content=\"es_ES\" \/>\n<meta property=\"og:type\" content=\"article\" \/>\n<meta property=\"og:title\" content=\"Aviso legal -\" \/>\n<meta property=\"og:description\" content=\"Aviso Legal 1. Identificaci\u00f3n del TitularNombre: Silvia Mu\u00f1oz VidalNIF: 43554675NDomicilio: Camino Cortijo de Maza, 6, 29140 (Churriana), M\u00e1laga, Espa\u00f1aCorreo electr\u00f3nico: [&hellip;]\" \/>\n<meta property=\"og:url\" content=\"https:\/\/www.juguetia.com\/?page_id=1858\" \/>\n<meta property=\"article:modified_time\" content=\"2025-05-21T22:19:12+00:00\" \/>\n<meta name=\"twitter:card\" content=\"summary_large_image\" \/>\n<meta name=\"twitter:label1\" content=\"Tiempo de lectura\" \/>\n\t<meta name=\"twitter:data1\" content=\"1 minuto\" \/>\n<script type=\"application\/ld+json\" class=\"yoast-schema-graph\">{\"@context\":\"https:\\\/\\\/schema.org\",\"@graph\":[{\"@type\":\"WebPage\",\"@id\":\"https:\\\/\\\/www.juguetia.com\\\/?page_id=1858\",\"url\":\"https:\\\/\\\/www.juguetia.com\\\/?page_id=1858\",\"name\":\"Aviso legal -\",\"isPartOf\":{\"@id\":\"https:\\\/\\\/www.juguetia.com\\\/#website\"},\"datePublished\":\"2025-05-21T21:18:32+00:00\",\"dateModified\":\"2025-05-21T22:19:12+00:00\",\"breadcrumb\":{\"@id\":\"https:\\\/\\\/www.juguetia.com\\\/?page_id=1858#breadcrumb\"},\"inLanguage\":\"es\",\"potentialAction\":[{\"@type\":\"ReadAction\",\"target\":[\"https:\\\/\\\/www.juguetia.com\\\/?page_id=1858\"]}]},{\"@type\":\"BreadcrumbList\",\"@id\":\"https:\\\/\\\/www.juguetia.com\\\/?page_id=1858#breadcrumb\",\"itemListElement\":[{\"@type\":\"ListItem\",\"position\":1,\"name\":\"Portada\",\"item\":\"https:\\\/\\\/www.juguetia.com\\\/\"},{\"@type\":\"ListItem\",\"position\":2,\"name\":\"Aviso legal\"}]},{\"@type\":\"WebSite\",\"@id\":\"https:\\\/\\\/www.juguetia.com\\\/#website\",\"url\":\"https:\\\/\\\/www.juguetia.com\\\/\",\"name\":\"juguetIA.com\",\"description\":\"Filtra GRATIS con IA entre +5.000 juguetes de Amazon\",\"publisher\":{\"@id\":\"https:\\\/\\\/www.juguetia.com\\\/#organization\"},\"potentialAction\":[{\"@type\":\"SearchAction\",\"target\":{\"@type\":\"EntryPoint\",\"urlTemplate\":\"https:\\\/\\\/www.juguetia.com\\\/?s={search_term_string}\"},\"query-input\":{\"@type\":\"PropertyValueSpecification\",\"valueRequired\":true,\"valueName\":\"search_term_string\"}}],\"inLanguage\":\"es\"},{\"@type\":\"Organization\",\"@id\":\"https:\\\/\\\/www.juguetia.com\\\/#organization\",\"name\":\"juguetia\",\"url\":\"https:\\\/\\\/www.juguetia.com\\\/\",\"logo\":{\"@type\":\"ImageObject\",\"inLanguage\":\"es\",\"@id\":\"https:\\\/\\\/www.juguetia.com\\\/#\\\/schema\\\/logo\\\/image\\\/\",\"url\":\"https:\\\/\\\/www.juguetia.com\\\/wp-content\\\/uploads\\\/2025\\\/04\\\/cropped-ChatGPT-Image-26-abr-2025-21_56_03-1.png\",\"contentUrl\":\"https:\\\/\\\/www.juguetia.com\\\/wp-content\\\/uploads\\\/2025\\\/04\\\/cropped-ChatGPT-Image-26-abr-2025-21_56_03-1.png\",\"width\":1023,\"height\":384,\"caption\":\"juguetia\"},\"image\":{\"@id\":\"https:\\\/\\\/www.juguetia.com\\\/#\\\/schema\\\/logo\\\/image\\\/\"}}]}<\/script>\n<!-- \/ Yoast SEO plugin. -->","yoast_head_json":{"title":"Aviso legal -","robots":{"index":"index","follow":"follow","max-snippet":"max-snippet:-1","max-image-preview":"max-image-preview:large","max-video-preview":"max-video-preview:-1"},"canonical":"https:\/\/www.juguetia.com\/?page_id=1858","og_locale":"es_ES","og_type":"article","og_title":"Aviso legal -","og_description":"Aviso Legal 1. Identificaci\u00f3n del TitularNombre: Silvia Mu\u00f1oz VidalNIF: 43554675NDomicilio: Camino Cortijo de Maza, 6, 29140 (Churriana), M\u00e1laga, Espa\u00f1aCorreo electr\u00f3nico: [&hellip;]","og_url":"https:\/\/www.juguetia.com\/?page_id=1858","article_modified_time":"2025-05-21T22:19:12+00:00","twitter_card":"summary_large_image","twitter_misc":{"Tiempo de lectura":"1 minuto"},"schema":{"@context":"https:\/\/schema.org","@graph":[{"@type":"WebPage","@id":"https:\/\/www.juguetia.com\/?page_id=1858","url":"https:\/\/www.juguetia.com\/?page_id=1858","name":"Aviso legal -","isPartOf":{"@id":"https:\/\/www.juguetia.com\/#website"},"datePublished":"2025-05-21T21:18:32+00:00","dateModified":"2025-05-21T22:19:12+00:00","breadcrumb":{"@id":"https:\/\/www.juguetia.com\/?page_id=1858#breadcrumb"},"inLanguage":"es","potentialAction":[{"@type":"ReadAction","target":["https:\/\/www.juguetia.com\/?page_id=1858"]}]},{"@type":"BreadcrumbList","@id":"https:\/\/www.juguetia.com\/?page_id=1858#breadcrumb","itemListElement":[{"@type":"ListItem","position":1,"name":"Portada","item":"https:\/\/www.juguetia.com\/"},{"@type":"ListItem","position":2,"name":"Aviso legal"}]},{"@type":"WebSite","@id":"https:\/\/www.juguetia.com\/#website","url":"https:\/\/www.juguetia.com\/","name":"juguetIA.com","description":"Filtra GRATIS con IA entre +5.000 juguetes de Amazon","publisher":{"@id":"https:\/\/www.juguetia.com\/#organization"},"potentialAction":[{"@type":"SearchAction","target":{"@type":"EntryPoint","urlTemplate":"https:\/\/www.juguetia.com\/?s={search_term_string}"},"query-input":{"@type":"PropertyValueSpecification","valueRequired":true,"valueName":"search_term_string"}}],"inLanguage":"es"},{"@type":"Organization","@id":"https:\/\/www.juguetia.com\/#organization","name":"juguetia","url":"https:\/\/www.juguetia.com\/","logo":{"@type":"ImageObject","inLanguage":"es","@id":"https:\/\/www.juguetia.com\/#\/schema\/logo\/image\/","url":"https:\/\/www.juguetia.com\/wp-content\/uploads\/2025\/04\/cropped-ChatGPT-Image-26-abr-2025-21_56_03-1.png","contentUrl":"https:\/\/www.juguetia.com\/wp-content\/uploads\/2025\/04\/cropped-ChatGPT-Image-26-abr-2025-21_56_03-1.png","width":1023,"height":384,"caption":"juguetia"},"image":{"@id":"https:\/\/www.juguetia.com\/#\/schema\/logo\/image\/"}}]}},"_links":{"self":[{"href":"https:\/\/www.juguetia.com\/index.php?rest_route=\/wp\/v2\/pages\/1858","targetHints":{"allow":["GET"]}}],"collection":[{"href":"https:\/\/www.juguetia.com\/index.php?rest_route=\/wp\/v2\/pages"}],"about":[{"href":"https:\/\/www.juguetia.com\/index.php?rest_route=\/wp\/v2\/types\/page"}],"author":[{"embeddable":true,"href":"https:\/\/www.juguetia.com\/index.php?rest_route=\/wp\/v2\/users\/1"}],"replies":[{"embeddable":true,"href":"https:\/\/www.juguetia.com\/index.php?rest_route=%2Fwp%2Fv2%2Fcomments&post=1858"}],"version-history":[{"count":17,"href":"https:\/\/www.juguetia.com\/index.php?rest_route=\/wp\/v2\/pages\/1858\/revisions"}],"predecessor-version":[{"id":1919,"href":"https:\/\/www.juguetia.com\/index.php?rest_route=\/wp\/v2\/pages\/1858\/revisions\/1919"}],"wp:attachment":[{"href":"https:\/\/www.juguetia.com\/index.php?rest_route=%2Fwp%2Fv2%2Fmedia&parent=1858"}],"curies":[{"name":"wp","href":"https:\/\/api.w.org\/{rel}","templated":true}]}}