{"id":1002,"date":"2025-04-26T20:08:31","date_gmt":"2025-04-26T18:08:31","guid":{"rendered":"https:\/\/www.juguetia.com\/?page_id=1002"},"modified":"2025-04-27T14:54:49","modified_gmt":"2025-04-27T12:54:49","slug":"sobre-juguetia","status":"publish","type":"page","link":"https:\/\/www.juguetia.com\/?page_id=1002","title":{"rendered":"Sobre JuguetIA"},"content":{"rendered":"\t\t<div data-elementor-type=\"wp-page\" data-elementor-id=\"1002\" class=\"elementor elementor-1002\">\n\t\t\t\t<div class=\"elementor-element elementor-element-073cf46 e-flex e-con-boxed e-con e-parent\" data-id=\"073cf46\" data-element_type=\"container\" data-e-type=\"container\">\n\t\t\t\t\t<div class=\"e-con-inner\">\n\t\t\t\t<div class=\"elementor-element elementor-element-2f1212f elementor-widget elementor-widget-heading\" data-id=\"2f1212f\" data-element_type=\"widget\" data-e-type=\"widget\" data-widget_type=\"heading.default\">\n\t\t\t\t<div class=\"elementor-widget-container\">\n\t\t\t\t\t<h1 class=\"elementor-heading-title elementor-size-default\"><b>Sobre JuguetIA<\/b><\/h1>\t\t\t\t<\/div>\n\t\t\t\t<\/div>\n\t\t\t\t\t<\/div>\n\t\t\t\t<\/div>\n\t\t<div class=\"elementor-element elementor-element-ea2bb55 e-flex e-con-boxed e-con e-parent\" data-id=\"ea2bb55\" data-element_type=\"container\" data-e-type=\"container\">\n\t\t\t\t\t<div class=\"e-con-inner\">\n\t\t\t\t<div class=\"elementor-element elementor-element-2b4e24b elementor-widget elementor-widget-text-editor\" data-id=\"2b4e24b\" data-element_type=\"widget\" data-e-type=\"widget\" data-widget_type=\"text-editor.default\">\n\t\t\t\t<div class=\"elementor-widget-container\">\n\t\t\t\t\t\t\t\t\t<p>JuguetIA nace con el prop\u00f3sito de acompa\u00f1ar a las familias en la b\u00fasqueda del juguete ideal para cada etapa de crecimiento. Nuestra misi\u00f3n es combinar la experiencia de expertos en desarrollo infantil con la potencia de la Inteligencia Artificial para entregar recomendaciones totalmente personalizadas, fiables y actualizadas. Imaginamos un mundo en el que cada ni\u00f1o reciba el est\u00edmulo justo para potenciar sus habilidades, y cada familia ahorre tiempo y esfuerzo al encontrar el juguete perfecto al primer clic.<\/p>\t\t\t\t\t\t\t\t<\/div>\n\t\t\t\t<\/div>\n\t\t\t\t<div class=\"elementor-element elementor-element-1f38137 elementor-widget elementor-widget-heading\" data-id=\"1f38137\" data-element_type=\"widget\" data-e-type=\"widget\" data-widget_type=\"heading.default\">\n\t\t\t\t<div class=\"elementor-widget-container\">\n\t\t\t\t\t<h2 class=\"elementor-heading-title elementor-size-default\">C\u00f3mo funciona<\/h2>\t\t\t\t<\/div>\n\t\t\t\t<\/div>\n\t\t\t\t\t<\/div>\n\t\t\t\t<\/div>\n\t\t<div class=\"elementor-element elementor-element-1a80c44 e-flex e-con-boxed e-con e-parent\" data-id=\"1a80c44\" data-element_type=\"container\" data-e-type=\"container\">\n\t\t\t\t\t<div class=\"e-con-inner\">\n\t\t\t\t<div class=\"elementor-element elementor-element-4667a8f elementor-widget elementor-widget-heading\" data-id=\"4667a8f\" data-element_type=\"widget\" data-e-type=\"widget\" data-widget_type=\"heading.default\">\n\t\t\t\t<div class=\"elementor-widget-container\">\n\t\t\t\t\t<h3 class=\"elementor-heading-title elementor-size-default\">1. Responde al cuestionario<\/h3>\t\t\t\t<\/div>\n\t\t\t\t<\/div>\n\t\t\t\t\t<\/div>\n\t\t\t\t<\/div>\n\t\t<div class=\"elementor-element elementor-element-62d7aa4 e-flex e-con-boxed e-con e-parent\" data-id=\"62d7aa4\" data-element_type=\"container\" data-e-type=\"container\">\n\t\t\t\t\t<div class=\"e-con-inner\">\n\t\t\t\t<div class=\"elementor-element elementor-element-69d4081 elementor-widget elementor-widget-text-editor\" data-id=\"69d4081\" data-element_type=\"widget\" data-e-type=\"widget\" data-widget_type=\"text-editor.default\">\n\t\t\t\t<div class=\"elementor-widget-container\">\n\t\t\t\t\t\t\t\t\t<p>Accede a JuguetIA y responde un breve cuestionario indicando la edad del ni\u00f1o, las \u00e1reas a potencial y el tipo de juguete preferido.<\/p>\t\t\t\t\t\t\t\t<\/div>\n\t\t\t\t<\/div>\n\t\t\t\t\t<\/div>\n\t\t\t\t<\/div>\n\t\t<div class=\"elementor-element elementor-element-6795c02 e-flex e-con-boxed e-con e-parent\" data-id=\"6795c02\" data-element_type=\"container\" data-e-type=\"container\">\n\t\t\t\t\t<div class=\"e-con-inner\">\n\t\t\t\t<div class=\"elementor-element elementor-element-b7df204 elementor-widget elementor-widget-heading\" data-id=\"b7df204\" data-element_type=\"widget\" data-e-type=\"widget\" data-widget_type=\"heading.default\">\n\t\t\t\t<div class=\"elementor-widget-container\">\n\t\t\t\t\t<h3 class=\"elementor-heading-title elementor-size-default\">2. Procesamos los datos<\/h3>\t\t\t\t<\/div>\n\t\t\t\t<\/div>\n\t\t\t\t\t<\/div>\n\t\t\t\t<\/div>\n\t\t<div class=\"elementor-element elementor-element-8b55b82 e-flex e-con-boxed e-con e-parent\" data-id=\"8b55b82\" data-element_type=\"container\" data-e-type=\"container\">\n\t\t\t\t\t<div class=\"e-con-inner\">\n\t\t\t\t<div class=\"elementor-element elementor-element-5fdd47a elementor-widget elementor-widget-text-editor\" data-id=\"5fdd47a\" data-element_type=\"widget\" data-e-type=\"widget\" data-widget_type=\"text-editor.default\">\n\t\t\t\t<div class=\"elementor-widget-container\">\n\t\t\t\t\t\t\t\t\t<p>La Inteligencia Artificial analiza tus criterios y las opciones en Amazon y te recomienda las mejores opciones de productos para tus criterios.<\/p>\t\t\t\t\t\t\t\t<\/div>\n\t\t\t\t<\/div>\n\t\t\t\t\t<\/div>\n\t\t\t\t<\/div>\n\t\t<div class=\"elementor-element elementor-element-62270e1 e-flex e-con-boxed e-con e-parent\" data-id=\"62270e1\" data-element_type=\"container\" data-e-type=\"container\">\n\t\t\t\t\t<div class=\"e-con-inner\">\n\t\t\t\t<div class=\"elementor-element elementor-element-fd6a8f5 elementor-widget elementor-widget-heading\" data-id=\"fd6a8f5\" data-element_type=\"widget\" data-e-type=\"widget\" data-widget_type=\"heading.default\">\n\t\t\t\t<div class=\"elementor-widget-container\">\n\t\t\t\t\t<h3 class=\"elementor-heading-title elementor-size-default\">3. Recomendaciones<\/h3>\t\t\t\t<\/div>\n\t\t\t\t<\/div>\n\t\t\t\t\t<\/div>\n\t\t\t\t<\/div>\n\t\t<div class=\"elementor-element elementor-element-95f0b5f e-flex e-con-boxed e-con e-parent\" data-id=\"95f0b5f\" data-element_type=\"container\" data-e-type=\"container\">\n\t\t\t\t\t<div class=\"e-con-inner\">\n\t\t\t\t<div class=\"elementor-element elementor-element-8324f10 elementor-widget elementor-widget-text-editor\" data-id=\"8324f10\" data-element_type=\"widget\" data-e-type=\"widget\" data-widget_type=\"text-editor.default\">\n\t\t\t\t<div class=\"elementor-widget-container\">\n\t\t\t\t\t\t\t\t\t<p>En segundos, nuestra IA te recomienda varias opciones con su correspondiente descripci\u00f3n y motivos por los cuales te recomienda ese producto. \u00bfTe interesa? Clica en el t\u00edtulo del producto o en el bot\u00f3n \u00abVer en Amazon\u00bb para tener m\u00e1s informaci\u00f3n.&nbsp;<\/p>\t\t\t\t\t\t\t\t<\/div>\n\t\t\t\t<\/div>\n\t\t\t\t<div class=\"elementor-element elementor-element-ca43d5a elementor-widget elementor-widget-image\" data-id=\"ca43d5a\" data-element_type=\"widget\" data-e-type=\"widget\" data-widget_type=\"image.default\">\n\t\t\t\t<div class=\"elementor-widget-container\">\n\t\t\t\t\t\t\t\t\t\t\t\t\t\t\t<img decoding=\"async\" width=\"300\" height=\"125\" src=\"https:\/\/www.juguetia.com\/wp-content\/uploads\/2025\/04\/cropped-ChatGPT-Image-26-abr-2025-21_56_03-300x125.png\" class=\"attachment-medium size-medium wp-image-1092\" alt=\"\" srcset=\"https:\/\/www.juguetia.com\/wp-content\/uploads\/2025\/04\/cropped-ChatGPT-Image-26-abr-2025-21_56_03-300x125.png 300w, https:\/\/www.juguetia.com\/wp-content\/uploads\/2025\/04\/cropped-ChatGPT-Image-26-abr-2025-21_56_03-768x319.png 768w, https:\/\/www.juguetia.com\/wp-content\/uploads\/2025\/04\/cropped-ChatGPT-Image-26-abr-2025-21_56_03.png 1024w\" sizes=\"(max-width: 300px) 100vw, 300px\" \/>\t\t\t\t\t\t\t\t\t\t\t\t\t\t\t<\/div>\n\t\t\t\t<\/div>\n\t\t\t\t\t<\/div>\n\t\t\t\t<\/div>\n\t\t<div class=\"elementor-element elementor-element-5d3e955 e-grid e-con-boxed e-con e-parent\" data-id=\"5d3e955\" data-element_type=\"container\" data-e-type=\"container\">\n\t\t\t\t\t<div class=\"e-con-inner\">\n\t\t\t\t<div class=\"elementor-element elementor-element-d738e8c elementor-widget elementor-widget-heading\" data-id=\"d738e8c\" data-element_type=\"widget\" data-e-type=\"widget\" data-widget_type=\"heading.default\">\n\t\t\t\t<div class=\"elementor-widget-container\">\n\t\t\t\t\t<h4 class=\"elementor-heading-title elementor-size-default\">Personalizaci\u00f3n total<\/h4>\t\t\t\t<\/div>\n\t\t\t\t<\/div>\n\t\t\t\t<div class=\"elementor-element elementor-element-ffae559 elementor-widget elementor-widget-text-editor\" data-id=\"ffae559\" data-element_type=\"widget\" data-e-type=\"widget\" data-widget_type=\"text-editor.default\">\n\t\t\t\t<div class=\"elementor-widget-container\">\n\t\t\t\t\t\t\t\t\t<p>Cada recomendaci\u00f3n se adapta a la edad y objetivos \u00fanicos de cada ni\u00f1o.<\/p>\t\t\t\t\t\t\t\t<\/div>\n\t\t\t\t<\/div>\n\t\t\t\t<div class=\"elementor-element elementor-element-918e1cb elementor-widget elementor-widget-text-editor\" data-id=\"918e1cb\" data-element_type=\"widget\" data-e-type=\"widget\" data-widget_type=\"text-editor.default\">\n\t\t\t\t<div class=\"elementor-widget-container\">\n\t\t\t\t\t\t\t\t\t<p>Olv\u00eddate de horas buscando; en segundos tienes las 3 mejores opciones.<\/p>\t\t\t\t\t\t\t\t<\/div>\n\t\t\t\t<\/div>\n\t\t\t\t<div class=\"elementor-element elementor-element-70bb007 elementor-widget elementor-widget-heading\" data-id=\"70bb007\" data-element_type=\"widget\" data-e-type=\"widget\" data-widget_type=\"heading.default\">\n\t\t\t\t<div class=\"elementor-widget-container\">\n\t\t\t\t\t<h4 class=\"elementor-heading-title elementor-size-default\">Ahorro de tiempo<\/h4>\t\t\t\t<\/div>\n\t\t\t\t<\/div>\n\t\t\t\t\t<\/div>\n\t\t\t\t<\/div>\n\t\t<div class=\"elementor-element elementor-element-bdf98db e-grid e-con-boxed e-con e-parent\" data-id=\"bdf98db\" data-element_type=\"container\" data-e-type=\"container\">\n\t\t\t\t\t<div class=\"e-con-inner\">\n\t\t\t\t<div class=\"elementor-element elementor-element-a17c91b elementor-widget elementor-widget-heading\" data-id=\"a17c91b\" data-element_type=\"widget\" data-e-type=\"widget\" data-widget_type=\"heading.default\">\n\t\t\t\t<div class=\"elementor-widget-container\">\n\t\t\t\t\t<h4 class=\"elementor-heading-title elementor-size-default\">Enlaces oficiales de Amazon<\/h4>\t\t\t\t<\/div>\n\t\t\t\t<\/div>\n\t\t\t\t<div class=\"elementor-element elementor-element-aa2dc64 elementor-widget elementor-widget-text-editor\" data-id=\"aa2dc64\" data-element_type=\"widget\" data-e-type=\"widget\" data-widget_type=\"text-editor.default\">\n\t\t\t\t<div class=\"elementor-widget-container\">\n\t\t\t\t\t\t\t\t\t<p>\u00bfTe decides? Compra segura a trav\u00e9s de Amazon.<\/p>\t\t\t\t\t\t\t\t<\/div>\n\t\t\t\t<\/div>\n\t\t\t\t<div class=\"elementor-element elementor-element-ff5c904 elementor-widget elementor-widget-text-editor\" data-id=\"ff5c904\" data-element_type=\"widget\" data-e-type=\"widget\" data-widget_type=\"text-editor.default\">\n\t\t\t\t<div class=\"elementor-widget-container\">\n\t\t\t\t\t\t\t\t\t<p>A\u00f1adimos explicaciones basadas en desarrollo infantil y pedagog\u00eda.<\/p>\t\t\t\t\t\t\t\t<\/div>\n\t\t\t\t<\/div>\n\t\t\t\t<div class=\"elementor-element elementor-element-a8e763a elementor-widget elementor-widget-heading\" data-id=\"a8e763a\" data-element_type=\"widget\" data-e-type=\"widget\" data-widget_type=\"heading.default\">\n\t\t\t\t<div class=\"elementor-widget-container\">\n\t\t\t\t\t<h4 class=\"elementor-heading-title elementor-size-default\">Calidad Experta<\/h4>\t\t\t\t<\/div>\n\t\t\t\t<\/div>\n\t\t\t\t\t<\/div>\n\t\t\t\t<\/div>\n\t\t<div class=\"elementor-element elementor-element-0155ed8 e-grid e-con-boxed e-con e-parent\" data-id=\"0155ed8\" data-element_type=\"container\" data-e-type=\"container\">\n\t\t\t\t\t<div class=\"e-con-inner\">\n\t\t\t\t<div class=\"elementor-element elementor-element-716cdaa elementor-widget elementor-widget-heading\" data-id=\"716cdaa\" data-element_type=\"widget\" data-e-type=\"widget\" data-widget_type=\"heading.default\">\n\t\t\t\t<div class=\"elementor-widget-container\">\n\t\t\t\t\t<h4 class=\"elementor-heading-title elementor-size-default\">Actualizaciones constantes<\/h4>\t\t\t\t<\/div>\n\t\t\t\t<\/div>\n\t\t\t\t<div class=\"elementor-element elementor-element-701b820 elementor-widget elementor-widget-text-editor\" data-id=\"701b820\" data-element_type=\"widget\" data-e-type=\"widget\" data-widget_type=\"text-editor.default\">\n\t\t\t\t<div class=\"elementor-widget-container\">\n\t\t\t\t\t\t\t\t\t<p>Nuestro cat\u00e1logo se renueva autom\u00e1ticamente para incluir novedades.<\/p>\t\t\t\t\t\t\t\t<\/div>\n\t\t\t\t<\/div>\n\t\t\t\t\t<\/div>\n\t\t\t\t<\/div>\n\t\t<div class=\"elementor-element elementor-element-c065b80 e-flex e-con-boxed e-con e-parent\" data-id=\"c065b80\" data-element_type=\"container\" data-e-type=\"container\">\n\t\t\t\t\t<div class=\"e-con-inner\">\n\t\t\t\t<div class=\"elementor-element elementor-element-b9c0525 elementor-align-center elementor-widget elementor-widget-button\" data-id=\"b9c0525\" data-element_type=\"widget\" data-e-type=\"widget\" data-widget_type=\"button.default\">\n\t\t\t\t<div class=\"elementor-widget-container\">\n\t\t\t\t\t\t\t\t\t<div class=\"elementor-button-wrapper\">\n\t\t\t\t\t<a class=\"elementor-button elementor-button-link elementor-size-sm\" href=\"https:\/\/juguetia.com\/?page_id=99\">\n\t\t\t\t\t\t<span class=\"elementor-button-content-wrapper\">\n\t\t\t\t\t\t\t\t\t<span class=\"elementor-button-text\">Empieza AQU\u00cd<\/span>\n\t\t\t\t\t<\/span>\n\t\t\t\t\t<\/a>\n\t\t\t\t<\/div>\n\t\t\t\t\t\t\t\t<\/div>\n\t\t\t\t<\/div>\n\t\t\t\t\t<\/div>\n\t\t\t\t<\/div>\n\t\t\t\t<\/div>\n\t\t","protected":false},"excerpt":{"rendered":"<p>Sobre JuguetIA JuguetIA nace con el prop\u00f3sito de acompa\u00f1ar a las familias en la b\u00fasqueda del juguete ideal para cada [&hellip;]<\/p>\n","protected":false},"author":1,"featured_media":0,"parent":0,"menu_order":0,"comment_status":"closed","ping_status":"closed","template":"","meta":{"_acf_changed":false,"site-sidebar-layout":"no-sidebar","site-content-layout":"","ast-site-content-layout":"full-width-container","site-content-style":"default","site-sidebar-style":"default","ast-global-header-display":"","ast-banner-title-visibility":"","ast-main-header-display":"","ast-hfb-above-header-display":"","ast-hfb-below-header-display":"","ast-hfb-mobile-header-display":"","site-post-title":"disabled","ast-breadcrumbs-content":"","ast-featured-img":"disabled","footer-sml-layout":"","ast-disable-related-posts":"","theme-transparent-header-meta":"","adv-header-id-meta":"","stick-header-meta":"","header-above-stick-meta":"","header-main-stick-meta":"","header-below-stick-meta":"","astra-migrate-meta-layouts":"default","ast-page-background-enabled":"default","ast-page-background-meta":{"desktop":{"background-color":"var(--ast-global-color-5)","background-image":"","background-repeat":"repeat","background-position":"center center","background-size":"auto","background-attachment":"scroll","background-type":"","background-media":"","overlay-type":"","overlay-color":"","overlay-opacity":"","overlay-gradient":""},"tablet":{"background-color":"","background-image":"","background-repeat":"repeat","background-position":"center center","background-size":"auto","background-attachment":"scroll","background-type":"","background-media":"","overlay-type":"","overlay-color":"","overlay-opacity":"","overlay-gradient":""},"mobile":{"background-color":"","background-image":"","background-repeat":"repeat","background-position":"center center","background-size":"auto","background-attachment":"scroll","background-type":"","background-media":"","overlay-type":"","overlay-color":"","overlay-opacity":"","overlay-gradient":""}},"ast-content-background-meta":{"desktop":{"background-color":"var(--ast-global-color-4)","background-image":"","background-repeat":"repeat","background-position":"center center","background-size":"auto","background-attachment":"scroll","background-type":"","background-media":"","overlay-type":"","overlay-color":"","overlay-opacity":"","overlay-gradient":""},"tablet":{"background-color":"var(--ast-global-color-4)","background-image":"","background-repeat":"repeat","background-position":"center center","background-size":"auto","background-attachment":"scroll","background-type":"","background-media":"","overlay-type":"","overlay-color":"","overlay-opacity":"","overlay-gradient":""},"mobile":{"background-color":"var(--ast-global-color-4)","background-image":"","background-repeat":"repeat","background-position":"center center","background-size":"auto","background-attachment":"scroll","background-type":"","background-media":"","overlay-type":"","overlay-color":"","overlay-opacity":"","overlay-gradient":""}},"footnotes":""},"class_list":["post-1002","page","type-page","status-publish","hentry"],"acf":[],"yoast_head":"<!-- This site is optimized with the Yoast SEO plugin v27.4 - https:\/\/yoast.com\/product\/yoast-seo-wordpress\/ -->\n<title>Sobre JuguetIA -<\/title>\n<meta name=\"robots\" content=\"index, follow, max-snippet:-1, max-image-preview:large, max-video-preview:-1\" \/>\n<link rel=\"canonical\" href=\"https:\/\/www.juguetia.com\/?page_id=1002\" \/>\n<meta property=\"og:locale\" content=\"es_ES\" \/>\n<meta property=\"og:type\" content=\"article\" \/>\n<meta property=\"og:title\" content=\"Sobre JuguetIA -\" \/>\n<meta property=\"og:description\" content=\"Sobre JuguetIA JuguetIA nace con el prop\u00f3sito de acompa\u00f1ar a las familias en la b\u00fasqueda del juguete ideal para cada [&hellip;]\" \/>\n<meta property=\"og:url\" content=\"https:\/\/www.juguetia.com\/?page_id=1002\" \/>\n<meta property=\"article:modified_time\" content=\"2025-04-27T12:54:49+00:00\" \/>\n<meta property=\"og:image\" content=\"https:\/\/www.juguetia.com\/wp-content\/uploads\/2025\/04\/cropped-ChatGPT-Image-26-abr-2025-21_56_03-300x125.png\" \/>\n<meta name=\"twitter:card\" content=\"summary_large_image\" \/>\n<meta name=\"twitter:label1\" content=\"Tiempo de lectura\" \/>\n\t<meta name=\"twitter:data1\" content=\"1 minuto\" \/>\n<script type=\"application\/ld+json\" class=\"yoast-schema-graph\">{\"@context\":\"https:\\\/\\\/schema.org\",\"@graph\":[{\"@type\":\"WebPage\",\"@id\":\"https:\\\/\\\/www.juguetia.com\\\/?page_id=1002\",\"url\":\"https:\\\/\\\/www.juguetia.com\\\/?page_id=1002\",\"name\":\"Sobre JuguetIA -\",\"isPartOf\":{\"@id\":\"https:\\\/\\\/www.juguetia.com\\\/#website\"},\"primaryImageOfPage\":{\"@id\":\"https:\\\/\\\/www.juguetia.com\\\/?page_id=1002#primaryimage\"},\"image\":{\"@id\":\"https:\\\/\\\/www.juguetia.com\\\/?page_id=1002#primaryimage\"},\"thumbnailUrl\":\"https:\\\/\\\/www.juguetia.com\\\/wp-content\\\/uploads\\\/2025\\\/04\\\/cropped-ChatGPT-Image-26-abr-2025-21_56_03-300x125.png\",\"datePublished\":\"2025-04-26T18:08:31+00:00\",\"dateModified\":\"2025-04-27T12:54:49+00:00\",\"breadcrumb\":{\"@id\":\"https:\\\/\\\/www.juguetia.com\\\/?page_id=1002#breadcrumb\"},\"inLanguage\":\"es\",\"potentialAction\":[{\"@type\":\"ReadAction\",\"target\":[\"https:\\\/\\\/www.juguetia.com\\\/?page_id=1002\"]}]},{\"@type\":\"ImageObject\",\"inLanguage\":\"es\",\"@id\":\"https:\\\/\\\/www.juguetia.com\\\/?page_id=1002#primaryimage\",\"url\":\"https:\\\/\\\/www.juguetia.com\\\/wp-content\\\/uploads\\\/2025\\\/04\\\/cropped-ChatGPT-Image-26-abr-2025-21_56_03.png\",\"contentUrl\":\"https:\\\/\\\/www.juguetia.com\\\/wp-content\\\/uploads\\\/2025\\\/04\\\/cropped-ChatGPT-Image-26-abr-2025-21_56_03.png\",\"width\":1024,\"height\":425},{\"@type\":\"BreadcrumbList\",\"@id\":\"https:\\\/\\\/www.juguetia.com\\\/?page_id=1002#breadcrumb\",\"itemListElement\":[{\"@type\":\"ListItem\",\"position\":1,\"name\":\"Portada\",\"item\":\"https:\\\/\\\/www.juguetia.com\\\/\"},{\"@type\":\"ListItem\",\"position\":2,\"name\":\"Sobre JuguetIA\"}]},{\"@type\":\"WebSite\",\"@id\":\"https:\\\/\\\/www.juguetia.com\\\/#website\",\"url\":\"https:\\\/\\\/www.juguetia.com\\\/\",\"name\":\"juguetIA.com\",\"description\":\"Filtra GRATIS con IA entre +5.000 juguetes de Amazon\",\"publisher\":{\"@id\":\"https:\\\/\\\/www.juguetia.com\\\/#organization\"},\"potentialAction\":[{\"@type\":\"SearchAction\",\"target\":{\"@type\":\"EntryPoint\",\"urlTemplate\":\"https:\\\/\\\/www.juguetia.com\\\/?s={search_term_string}\"},\"query-input\":{\"@type\":\"PropertyValueSpecification\",\"valueRequired\":true,\"valueName\":\"search_term_string\"}}],\"inLanguage\":\"es\"},{\"@type\":\"Organization\",\"@id\":\"https:\\\/\\\/www.juguetia.com\\\/#organization\",\"name\":\"juguetia\",\"url\":\"https:\\\/\\\/www.juguetia.com\\\/\",\"logo\":{\"@type\":\"ImageObject\",\"inLanguage\":\"es\",\"@id\":\"https:\\\/\\\/www.juguetia.com\\\/#\\\/schema\\\/logo\\\/image\\\/\",\"url\":\"https:\\\/\\\/www.juguetia.com\\\/wp-content\\\/uploads\\\/2025\\\/04\\\/cropped-ChatGPT-Image-26-abr-2025-21_56_03-1.png\",\"contentUrl\":\"https:\\\/\\\/www.juguetia.com\\\/wp-content\\\/uploads\\\/2025\\\/04\\\/cropped-ChatGPT-Image-26-abr-2025-21_56_03-1.png\",\"width\":1023,\"height\":384,\"caption\":\"juguetia\"},\"image\":{\"@id\":\"https:\\\/\\\/www.juguetia.com\\\/#\\\/schema\\\/logo\\\/image\\\/\"}}]}<\/script>\n<!-- \/ Yoast SEO plugin. -->","yoast_head_json":{"title":"Sobre JuguetIA -","robots":{"index":"index","follow":"follow","max-snippet":"max-snippet:-1","max-image-preview":"max-image-preview:large","max-video-preview":"max-video-preview:-1"},"canonical":"https:\/\/www.juguetia.com\/?page_id=1002","og_locale":"es_ES","og_type":"article","og_title":"Sobre JuguetIA -","og_description":"Sobre JuguetIA JuguetIA nace con el prop\u00f3sito de acompa\u00f1ar a las familias en la b\u00fasqueda del juguete ideal para cada [&hellip;]","og_url":"https:\/\/www.juguetia.com\/?page_id=1002","article_modified_time":"2025-04-27T12:54:49+00:00","og_image":[{"url":"https:\/\/www.juguetia.com\/wp-content\/uploads\/2025\/04\/cropped-ChatGPT-Image-26-abr-2025-21_56_03-300x125.png","type":"","width":"","height":""}],"twitter_card":"summary_large_image","twitter_misc":{"Tiempo de lectura":"1 minuto"},"schema":{"@context":"https:\/\/schema.org","@graph":[{"@type":"WebPage","@id":"https:\/\/www.juguetia.com\/?page_id=1002","url":"https:\/\/www.juguetia.com\/?page_id=1002","name":"Sobre JuguetIA -","isPartOf":{"@id":"https:\/\/www.juguetia.com\/#website"},"primaryImageOfPage":{"@id":"https:\/\/www.juguetia.com\/?page_id=1002#primaryimage"},"image":{"@id":"https:\/\/www.juguetia.com\/?page_id=1002#primaryimage"},"thumbnailUrl":"https:\/\/www.juguetia.com\/wp-content\/uploads\/2025\/04\/cropped-ChatGPT-Image-26-abr-2025-21_56_03-300x125.png","datePublished":"2025-04-26T18:08:31+00:00","dateModified":"2025-04-27T12:54:49+00:00","breadcrumb":{"@id":"https:\/\/www.juguetia.com\/?page_id=1002#breadcrumb"},"inLanguage":"es","potentialAction":[{"@type":"ReadAction","target":["https:\/\/www.juguetia.com\/?page_id=1002"]}]},{"@type":"ImageObject","inLanguage":"es","@id":"https:\/\/www.juguetia.com\/?page_id=1002#primaryimage","url":"https:\/\/www.juguetia.com\/wp-content\/uploads\/2025\/04\/cropped-ChatGPT-Image-26-abr-2025-21_56_03.png","contentUrl":"https:\/\/www.juguetia.com\/wp-content\/uploads\/2025\/04\/cropped-ChatGPT-Image-26-abr-2025-21_56_03.png","width":1024,"height":425},{"@type":"BreadcrumbList","@id":"https:\/\/www.juguetia.com\/?page_id=1002#breadcrumb","itemListElement":[{"@type":"ListItem","position":1,"name":"Portada","item":"https:\/\/www.juguetia.com\/"},{"@type":"ListItem","position":2,"name":"Sobre JuguetIA"}]},{"@type":"WebSite","@id":"https:\/\/www.juguetia.com\/#website","url":"https:\/\/www.juguetia.com\/","name":"juguetIA.com","description":"Filtra GRATIS con IA entre +5.000 juguetes de Amazon","publisher":{"@id":"https:\/\/www.juguetia.com\/#organization"},"potentialAction":[{"@type":"SearchAction","target":{"@type":"EntryPoint","urlTemplate":"https:\/\/www.juguetia.com\/?s={search_term_string}"},"query-input":{"@type":"PropertyValueSpecification","valueRequired":true,"valueName":"search_term_string"}}],"inLanguage":"es"},{"@type":"Organization","@id":"https:\/\/www.juguetia.com\/#organization","name":"juguetia","url":"https:\/\/www.juguetia.com\/","logo":{"@type":"ImageObject","inLanguage":"es","@id":"https:\/\/www.juguetia.com\/#\/schema\/logo\/image\/","url":"https:\/\/www.juguetia.com\/wp-content\/uploads\/2025\/04\/cropped-ChatGPT-Image-26-abr-2025-21_56_03-1.png","contentUrl":"https:\/\/www.juguetia.com\/wp-content\/uploads\/2025\/04\/cropped-ChatGPT-Image-26-abr-2025-21_56_03-1.png","width":1023,"height":384,"caption":"juguetia"},"image":{"@id":"https:\/\/www.juguetia.com\/#\/schema\/logo\/image\/"}}]}},"_links":{"self":[{"href":"https:\/\/www.juguetia.com\/index.php?rest_route=\/wp\/v2\/pages\/1002","targetHints":{"allow":["GET"]}}],"collection":[{"href":"https:\/\/www.juguetia.com\/index.php?rest_route=\/wp\/v2\/pages"}],"about":[{"href":"https:\/\/www.juguetia.com\/index.php?rest_route=\/wp\/v2\/types\/page"}],"author":[{"embeddable":true,"href":"https:\/\/www.juguetia.com\/index.php?rest_route=\/wp\/v2\/users\/1"}],"replies":[{"embeddable":true,"href":"https:\/\/www.juguetia.com\/index.php?rest_route=%2Fwp%2Fv2%2Fcomments&post=1002"}],"version-history":[{"count":56,"href":"https:\/\/www.juguetia.com\/index.php?rest_route=\/wp\/v2\/pages\/1002\/revisions"}],"predecessor-version":[{"id":1148,"href":"https:\/\/www.juguetia.com\/index.php?rest_route=\/wp\/v2\/pages\/1002\/revisions\/1148"}],"wp:attachment":[{"href":"https:\/\/www.juguetia.com\/index.php?rest_route=%2Fwp%2Fv2%2Fmedia&parent=1002"}],"curies":[{"name":"wp","href":"https:\/\/api.w.org\/{rel}","templated":true}]}}